{"id":3,"date":"2026-01-22T14:16:40","date_gmt":"2026-01-22T14:16:40","guid":{"rendered":"http:\/\/bcu.zsab.krakow.pl\/?page_id=3"},"modified":"2026-02-09T15:48:10","modified_gmt":"2026-02-09T15:48:10","slug":"privacy-policy","status":"publish","type":"page","link":"https:\/\/bcu.zsab.krakow.pl\/?page_id=3","title":{"rendered":"Polityka prywatno\u015bci"},"content":{"rendered":"\n<h2 class=\"wp-block-heading\">Anna Borowczak, Inspektor Ochrony Danych,<br>e-mail:&nbsp; inspektor4@mjo.krakow.pl<\/h2>\n\n\n\n<p>ZASADY UMIESZCZANIA INFORMACJI NA STRONIE INTERNETOWEJ ORAZ W MEDIACH SPO\u0141ECZNO\u015aCIOWYCH<\/p>\n\n\n\n<ol class=\"wp-block-list\">\n<li>W\u0142a\u015bciciel procedury:<br>W\u0142a\u015bcicielem procedury zasad umieszczania informacji na stronie internetowej oraz w mediach<br>spo\u0142eczno\u015bciowych jest ZESP\u00d3\u0141 SZK\u00d3\u0141 ARCHITEKTONICZNO-BUDOWLANYCH w Krakowie, ul. Jerzego Szablowskiego 1, 30-127 Krak\u00f3w, tel. (12) 637-13-53, zsab@mjo.krakow.pl.<\/li>\n\n\n\n<li>Cel<br>Poprawa jako\u015bci zarz\u0105dzania w PODMIOCIE w zakresie bezpiecze\u0144stwa przetwarzanych informacji na<br>stronie internetowej oraz w mediach spo\u0142eczno\u015bciowych plac\u00f3wki.<\/li>\n\n\n\n<li>Zakres stosowania<br>Procedura odnosi si\u0119 do strony internetowej\/portali spo\u0142eczno\u015bciowych\/innych medi\u00f3w<br>internetowych prowadzonych przez PODMIOT.<\/li>\n\n\n\n<li>Opis post\u0119powania.<br>Stron\u0119 internetow\u0105 oraz media spo\u0142eczno\u015bciowe redaguje pracownik\/zesp\u00f3\u0142 pracownik\u00f3w (zwany<br>dalej opiekunem), kt\u00f3ry powo\u0142uje Dyrektor plac\u00f3wki, podaj\u0105c ten fakt do wiadomo\u015bci wszystkich<br>pracownik\u00f3w Podmiotu.<\/li>\n\n\n\n<li>Wymagania prawno-organizacyjne<\/li>\n\n\n\n<li>Przepisy prawa na podstawie, kt\u00f3rych dzia\u0142aj\u0105 MJO nie reguluj\u0105 kwestii publikacji danych<br>osobowych za po\u015brednictwem strony internetowej\/portali spo\u0142eczno\u015bciowych\/innych medi\u00f3w<br>internetowych prowadzonych przez PODMIOT.<\/li>\n\n\n\n<li>W zwi\u0105zku z brakiem podstawy prawnej okre\u015blonej w przepisach prawa o\u015bwiatowego oraz<br>innych akt\u00f3w prawnych kierowanych dla o\u015bwiaty publikacja danych osobowych<br>ucznia\/nauczyciela\/opiekuna prawnego\/innych os\u00f3b na ww. kana\u0142ach mo\u017cliwa jest wy\u0142\u0105cznie na<br>podstawie wyra\u017conej zgody:<br>a) opiekuna prawnego (dotyczy os\u00f3b niepe\u0142noletnich)<br>b) pe\u0142noletniej osoby, kt\u00f3rej wizerunek ma zosta\u0107 opublikowany.<\/li>\n\n\n\n<li>Zasady publikowania wizerunku.<br>3.1 Podstaw\u0105 prawn\u0105 zezwalaj\u0105c\u0105 na publikacje wizerunku zgodnie z art. 6 ust 1. lit a) RODO oraz<br>art. 81 ust. 1 ustawa z dnia 4 lutego 1994 r. o prawie autorskim i prawach pokrewnych jest<br>zgoda. Zgoda powinna by\u0107 dobrowolna, a jej wycofanie powinno by\u0107 tak samo \u0142atwe jak<br>wyra\u017cenie.<br>3.2 Na podstawie art. 81 ust. 2 ustawy prawo autorskie i prawa pokrewne w drodze wyj\u0105tku<br>dopuszcza si\u0119 publikacj\u0119 wizerunku bez zezwolenia:<\/li>\n<\/ol>\n\n\n\n<ul class=\"wp-block-list\">\n<li>osoby powszechnie znanej, je\u017celi wizerunek wykonano w zwi\u0105zku z pe\u0142nieniem przez ni\u0105<br>funkcji publicznych, w szczeg\u00f3lno\u015bci politycznych, spo\u0142ecznych, zawodowych;<\/li>\n\n\n\n<li>osoby stanowi\u0105cej jedynie szczeg\u00f3\u0142 ca\u0142o\u015bci takiej jak zgromadzenie, krajobraz, publiczna<br>impreza;<br>3.3 Stosowanie ww. wyj\u0105tku zalecane jest szczeg\u00f3lnie w przypadku organizowania imprez lub<br>wydarze\u0144 o charakterze masowym gdzie uczestnicy wydarzenia to nie tylko spo\u0142eczno\u015b\u0107 MJO.<\/li>\n<\/ul>\n\n\n\n<p>Nale\u017cy unika\u0107 fotografii, kt\u00f3re mog\u0105 jednoznacznie identyfikowa\u0107 osob\u0119, tj. zdj\u0119\u0107 pozowanych<br>pojedynczych os\u00f3b lub ma\u0142ych grup. Gdy zachodzi potrzeba publikacji zdj\u0119\u0107 jednoznacznie<br>identyfikuj\u0105cych osob\u0119 (np. osoba nagrodzona w konkursie) nale\u017cy pozyska\u0107 zgod\u0119 tej osoby<br>lub jej opiekuna prawnego zgodnie z pkt 2.<\/p>\n\n\n\n<ol start=\"4\" class=\"wp-block-list\">\n<li>Wszelkie materia\u0142y audiowizualne powinny by\u0107 publikowane wy\u0142\u0105czenie na s\u0142u\u017cbowych<br>profilach\/kontach\/stronie www. MJO. Niedopuszczalne jest publikowanie materia\u0142\u00f3w<br>wykonanych w ramach dzia\u0142alno\u015bci MJO na prywatnych profilach pracownik\u00f3w.<\/li>\n\n\n\n<li>W przypadku korzystania z us\u0142ug firmy zewn\u0119trznej na prowadzenie strony internetowej\/portali<br>spo\u0142eczno\u015bciowych\/innych medi\u00f3w internetowych niezb\u0119dne b\u0119dzie zawarcie umowy<br>powierzenie przetwarzania danych osobowych.<\/li>\n\n\n\n<li>Zasady zg\u0142aszania i dostarczania informacji do opublikowania w serwisach.<\/li>\n\n\n\n<li>Informacje zamieszczone na stronie internetowej\/mediach spo\u0142eczno\u015bciowych musz\u0105<br>dotyczy\u0107 wydarze\u0144 z \u017cycia plac\u00f3wki, organizowanych lub wsp\u00f3\u0142organizowanych przez<br>jednostk\u0119, a tak\u017ce istotnych dla jej spo\u0142eczno\u015bci.<\/li>\n\n\n\n<li>Prawo zg\u0142aszania informacji do publikacji przys\u0142uguje pracownikom, rodzicom, uczniom oraz<br>podmiotom zewn\u0119trznym wsp\u00f3\u0142pracuj\u0105cym ze Podmiotem.<\/li>\n\n\n\n<li>Tre\u015b\u0107 i forma informacji nie mo\u017ce narusza\u0107 przepis\u00f3w prawa i dobrych obyczaj\u00f3w.<\/li>\n\n\n\n<li>Zg\u0142oszenie przekazywane s\u0105 do opiekuna.<\/li>\n\n\n\n<li>Za pomoc\u0105 serwisu nie mo\u017cna \u015bwiadczy\u0107 us\u0142ug reklamowych.<\/li>\n\n\n\n<li>Dopuszcza si\u0119 umieszczanie informacji o partnerach lub sponsorach poszczeg\u00f3lnych<br>przedsi\u0119wzi\u0119\u0107 wraz z odno\u015bnikami do ich serwis\u00f3w internetowych.<\/li>\n\n\n\n<li>Zg\u0142oszenia informacji do publikacji nale\u017cy przesy\u0142a\u0107 do opiekuna wy\u0142\u0105cznie s\u0142u\u017cbowymi<br>\u015brodkami komunikacji .<\/li>\n\n\n\n<li>Zg\u0142oszona informacja powinna zawiera\u0107:<br>* Imi\u0119 i nazwisko autora,<br>* Kr\u00f3tki tytu\u0142,<br>* Dat\u0119 wydarzenia,<br>* Miejsce wydarzenia,<br>* Tre\u015b\u0107 informacji, kt\u00f3ra b\u0119dzie napisana w tre\u015bci emaila zgodnie z og\u00f3lnie przyj\u0119tymi<br>zasadami tworzenia tekstu,<br>* Ewentualny materia\u0142 graficzny w postaci, np. zdj\u0119\u0107 dotycz\u0105cych opisywanego<br>wydarzenia,<br>* Ewentualne pliki do pobrania.<\/li>\n\n\n\n<li>Wy\u0142\u0105czenie odpowiedzialno\u015bci<\/li>\n\n\n\n<li>PODMIOT dok\u0142ada wszelkich stara\u0144 w celu zapewnienia aktualno\u015bci i odpowiedniej jako\u015bci<br>materia\u0142\u00f3w i wiadomo\u015bci prezentowanych na stronie internetowej lub mediach<br>spo\u0142eczno\u015bciowych plac\u00f3wki.<\/li>\n<\/ol>\n\n\n\n<ol class=\"wp-block-list\">\n<li>Dane i informacje zawarte na stronie internetowej\/w mediach spo\u0142eczno\u015bciowych s\u0105<br>publikowane wy\u0142\u0105cznie do cel\u00f3w informacyjnych.<\/li>\n\n\n\n<li>PODMIOT nie ponosi odpowiedzialno\u015bci za wykorzystanie informacji udost\u0119pnianych przez<br>jej u\u017cytkownik\u00f3w.<\/li>\n\n\n\n<li>PODMIOT do\u0142o\u017cy wszelkich stara\u0144 w celu zapewnienia poprawnego dzia\u0142ania strony<br>internetowej oraz medi\u00f3w spo\u0142eczno\u015bciowych, jednak\u017ce zastrzega, i\u017c nie ponosi<br>odpowiedzialno\u015bci za szkody wynikaj\u0105ce z wadliwego ich funkcjonowania.<\/li>\n\n\n\n<li>U\u017cytkownik Strony ma m. in. prawo do \u017c\u0105dania uzupe\u0142nienia, uaktualnienia, sprostowania<br>danych, czasowego lub sta\u0142ego wstrzymania ich przetwarzania lub ich usuni\u0119cia \u2013 je\u017celi s\u0105<br>one niekompletne, nieaktualne, nieprawdziwe lub zosta\u0142y zebrane z naruszeniem przepis\u00f3w<br>prawa, w szczeg\u00f3lno\u015bci dotycz\u0105cych ochrony danych osobowych oraz praw autorskich albo s\u0105<br>ju\u017c zb\u0119dne do realizacji celu, dla kt\u00f3rego zosta\u0142y zebrane.<\/li>\n\n\n\n<li>Zasady przesy\u0142ania i publikowania zdj\u0119\u0107\/ materia\u0142\u00f3w wideo<\/li>\n\n\n\n<li>Prawo do wykonywania zdj\u0119\u0107\/nagra\u0144 wideo umieszczanych w serwisie maj\u0105 pracownicy lub<br>osoby odpowiednio wyznaczone przez Dyrektora szko\u0142y.<\/li>\n\n\n\n<li>Wykonywanie zdj\u0119\u0107 oraz nagra\u0144 wideo powinno odbywa\u0107 si\u0119 za pomoc\u0105 sprz\u0119tu s\u0142u\u017cbowego.<\/li>\n\n\n\n<li>Wyznaczeni pracownicy prowadz\u0105 ewidencj\u0119 uczni\u00f3w\/os\u00f3b, kt\u00f3rzy nie wyrazili zgody na<br>publikowanie zdj\u0119\u0107. A w przypadku os\u00f3b niepe\u0142noletnich taka zgoda wyra\u017cana jest przez<br>rodzica\/opiekuna prawnego<\/li>\n\n\n\n<li>Osoby przesy\u0142aj\u0105ce materia\u0142y do publikacji zobowi\u0105zane s\u0105 do sprawdzenia czy osoby znajduj\u0105ce<br>si\u0119 na zdj\u0119ciach\/materia\u0142ach wideo wyrazi\u0142y zgod\u0119 na publikowanie wizerunku oraz<br>zweryfikowanie czy materia\u0142y nie naruszaj\u0105 praw autorskich. Materia\u0142y publikowane s\u0105 tylko na<br>kana\u0142ach, na kt\u00f3re osoba wyrazi\u0142a zgod\u0119.<\/li>\n\n\n\n<li>Dopuszcza si\u0119 umieszczanie w serwisie zdj\u0119\u0107 zbiorowych oraz zdj\u0119\u0107, kt\u00f3re nie pozwalaj\u0105 na<br>jednoznaczn\u0105 identyfikacj\u0119 ucznia\/osoby bez zgody os\u00f3b znajduj\u0105cych si\u0119 na zdj\u0119ciach\/<br>materia\u0142ach wideo zgodne z art. 81 ust. 2 ustawy o prawach autorskich i prawach pokrewnych.<\/li>\n\n\n\n<li>PODMIOT zbieraj\u0105ce dane osobowe zobowi\u0105zany jest do spe\u0142nienia obowi\u0105zku informacyjnego<br>zgodnie z art. 13 i 14 RODO. Wzory obowi\u0105zku informacyjnego znajduj\u0105 si\u0119 w za\u0142\u0105czniku nr 4 do<br>PBDO wzory obowi\u0105zk\u00f3w informacyjnych.<\/li>\n\n\n\n<li>Po zamieszczeniu zdj\u0119\u0107 w serwisie osoby\/rodzice lub opiekunowie prawni dziecka maj\u0105 prawo<br>do dost\u0119pu do danych, sprostowania danych, usuni\u0119cia danych, ograniczenia przetwarzania.<br>Realizacja prawa odbywa si\u0119 zgodnie z za\u0142\u0105cznikiem nr 18 do PBDO procedura realizacji prawo<br>os\u00f3b, kt\u00f3rych dane dotycz\u0105.<\/li>\n\n\n\n<li>Zasady zatwierdzania informacji do opublikowania.<\/li>\n\n\n\n<li>Dyrektor lub opiekun mo\u017ce odm\u00f3wi\u0107 umieszczenia w serwisie materia\u0142u informacyjnego ze<br>wzgl\u0119du na:<br>\uf0b7 Jego wady merytoryczne lub redakcyjne, a materia\u0142u graficznego, ze wzgl\u0119du na jego<br>parametry techniczne.<\/li>\n<\/ol>\n\n\n\n<ul class=\"wp-block-list\">\n<li>W przypadku zaburzenia chronologii zamieszczanych informacji \u2013 informacja przes\u0142ana jest wiele dni po wydarzeniu.<\/li>\n\n\n\n<li>Braku zgody na publikacj\u0119 zdj\u0119\u0107\/nagra\u0144 wideo przez osoby na nim widniej\u0105ce<\/li>\n\n\n\n<li>W\u0105tpliwo\u015bci dotycz\u0105cych kwestii praw autorskich oraz innych przepis\u00f3w.<\/li>\n<\/ul>\n\n\n\n<p>Identyfikacja i zg\u0142aszanie incydent\u00f3w i narusze\u0144<br>W przypadku wyst\u0105pienia naruszenia\/incydentu, nale\u017cy bezzw\u0142ocznie powiadomi\u0107 ADO<br>o&nbsp;zaistnia\u0142ej sytuacji. Zg\u0142aszanie incydent\u00f3w odbywa si\u0119 zgodnie z instrukcj\u0105 Za\u0142\u0105cznik nr 9 do<br>PBDO Procedura zarz\u0105dzania incydentami bezpiecze\u0144stwa informacji.<\/p>\n\n\n\n<p>Stosowna informacja o odmowie umieszczenia informacji w serwisie b\u0119dzie przekazana<br>autorowi tekstu.<\/p>\n\n\n\n<p>Dyrektor\/opiekun mo\u017ce dokonywa\u0107 zmian w tre\u015bci nades\u0142anego artyku\u0142u zgodnie z<br>przyj\u0119tymi zasadami redagowania serwisu.<\/p>\n\n\n\n<p>Za tre\u015b\u0107 nades\u0142anych informacji odpowiada ich autor.<\/p>\n\n\n\n<p>O d\u0142ugo\u015bci okresu publikacji artyku\u0142u decyduje Dyrektor lub opiekun.<\/p>\n","protected":false},"excerpt":{"rendered":"<p>Anna Borowczak, Inspektor Ochrony Danych,e-mail:&nbsp; inspektor4@mjo.krakow.pl ZASADY UMIESZCZANIA INFORMACJI NA STRONIE INTERNETOWEJ ORAZ W MEDIACH SPO\u0141ECZNO\u015aCIOWYCH Nale\u017cy unika\u0107 fotografii, kt\u00f3re mog\u0105 jednoznacznie identyfikowa\u0107 osob\u0119, tj. zdj\u0119\u0107 pozowanychpojedynczych os\u00f3b lub ma\u0142ych grup. Gdy zachodzi potrzeba publikacji zdj\u0119\u0107 jednoznacznieidentyfikuj\u0105cych osob\u0119 (np. osoba nagrodzona w konkursie) nale\u017cy pozyska\u0107 zgod\u0119 tej osobylub jej opiekuna prawnego zgodnie z pkt 2. [&hellip;]<\/p>\n","protected":false},"author":1,"featured_media":0,"parent":0,"menu_order":0,"comment_status":"closed","ping_status":"open","template":"","meta":{"footnotes":""},"class_list":["post-3","page","type-page","status-publish","hentry"],"blocksy_meta":[],"_links":{"self":[{"href":"https:\/\/bcu.zsab.krakow.pl\/index.php?rest_route=\/wp\/v2\/pages\/3","targetHints":{"allow":["GET"]}}],"collection":[{"href":"https:\/\/bcu.zsab.krakow.pl\/index.php?rest_route=\/wp\/v2\/pages"}],"about":[{"href":"https:\/\/bcu.zsab.krakow.pl\/index.php?rest_route=\/wp\/v2\/types\/page"}],"author":[{"embeddable":true,"href":"https:\/\/bcu.zsab.krakow.pl\/index.php?rest_route=\/wp\/v2\/users\/1"}],"replies":[{"embeddable":true,"href":"https:\/\/bcu.zsab.krakow.pl\/index.php?rest_route=%2Fwp%2Fv2%2Fcomments&post=3"}],"version-history":[{"count":3,"href":"https:\/\/bcu.zsab.krakow.pl\/index.php?rest_route=\/wp\/v2\/pages\/3\/revisions"}],"predecessor-version":[{"id":374,"href":"https:\/\/bcu.zsab.krakow.pl\/index.php?rest_route=\/wp\/v2\/pages\/3\/revisions\/374"}],"wp:attachment":[{"href":"https:\/\/bcu.zsab.krakow.pl\/index.php?rest_route=%2Fwp%2Fv2%2Fmedia&parent=3"}],"curies":[{"name":"wp","href":"https:\/\/api.w.org\/{rel}","templated":true}]}}