{"id":375,"date":"2026-02-09T15:50:32","date_gmt":"2026-02-09T15:50:32","guid":{"rendered":"https:\/\/bcu.zsab.krakow.pl\/?page_id=375"},"modified":"2026-04-07T20:29:46","modified_gmt":"2026-04-07T20:29:46","slug":"strona-glowna","status":"publish","type":"page","link":"https:\/\/bcu.zsab.krakow.pl\/","title":{"rendered":"Strona g\u0142\u00f3wna"},"content":{"rendered":"\n<p class=\"has-medium-font-size\"><strong>Pierwsze i jedyne takie miejsce w Polsce<\/strong><\/p>\n\n\n\n<p>Dziedzictwo Krakowa ma wiele wymiar\u00f3w \u2013 to nie tylko troska o zabytkowe kamienice czy forty Twierdzy Krak\u00f3w, ale tak\u017ce przygotowanie os\u00f3b, kt\u00f3re w przysz\u0142o\u015bci b\u0119d\u0105 potrafi\u0142y je chroni\u0107 i rozwija\u0107. Dlatego w\u0142a\u015bnie w Krakowie\u00a0powsta\u0142o\u00a0<strong>Bran\u017cowe Centrum Umiej\u0119tno\u015bci nr 1 w dziedzinie renowacji element\u00f3w architektury<\/strong> \u2013 pierwsze i jedyne takie miejsce w Polsce.<\/p>\n\n\n\n<p>\u2022&nbsp;To tutaj m\u0142odzi ludzie, doro\u015bli pracownicy bran\u017cy i nauczyciele&nbsp;<strong>zdobywaj\u0105 lub poszerzaj\u0105 swoje kwalifikacje<\/strong>.<\/p>\n\n\n\n<p>\u2022&nbsp;To tutaj&nbsp;<strong>\u0142\u0105czymy rzemie\u015blnicze tradycje z nowoczesnymi technologiami<\/strong>&nbsp;\u2013 od sztukaterii i stolarki po VR, druk 3D i BIM.<\/p>\n\n\n\n<p>\u2022&nbsp;To tutaj powsta\u0142a&nbsp;<strong>przestrze\u0144 wsp\u00f3\u0142pracy<\/strong>&nbsp;\u2013 tak, aby wiedza i do\u015bwiadczenie \u0142\u0105czy\u0142y si\u0119 z realnymi potrzebami rynku pracy.<\/p>\n\n\n\n<p>\u200bInwestycja za blisko 12 mln z\u0142, z czego 10 mln z\u0142 sfinansowano ze \u015brodk\u00f3w Krajowego Planu Odbudowy, a 2 mln z\u0142 ze \u015brodk\u00f3w gminy Krak\u00f3w, to inwestycja w przysz\u0142o\u015b\u0107, \u015brodki na jej realizacj\u0119 <strong>Gmina Miejska Krak\u00f3w \u2013 lider przedsi\u0119wzi\u0119cia<\/strong>&nbsp;\u2013 oraz Zesp\u00f3\u0142 Szk\u00f3\u0142 Architektoniczno-Budowlanych \u2013 odbiorca wsparcia &#8211; pozyska\u0142y z Krajowego Planu Odbudowy ju\u017c w 2024 r. Bran\u017cowe Centrum Umiej\u0119tno\u015bci nr 1 w Krakowie to miejsce, w kt\u00f3rym&nbsp;<strong>spotykaj\u0105 si\u0119 edukacja zawodowa i biznes<\/strong>. Z nowoczesnej bazy dydaktycznej \u2013 w tym pracowni BIM i druku 3D, VR, stolarskiej, sztukatorsko-kamieniarskiej czy analizy materia\u0142\u00f3w budowlanych \u2013 korzystaj\u0105 uczniowie i studenci, pracownicy bran\u017cy oraz nauczyciele.<\/p>\n\n\n\n<p><\/p>\n","protected":false},"excerpt":{"rendered":"<p>Pierwsze i jedyne takie miejsce w Polsce Dziedzictwo Krakowa ma wiele wymiar\u00f3w \u2013 to nie tylko troska o zabytkowe kamienice czy forty Twierdzy Krak\u00f3w, ale tak\u017ce przygotowanie os\u00f3b, kt\u00f3re w przysz\u0142o\u015bci b\u0119d\u0105 potrafi\u0142y je chroni\u0107 i rozwija\u0107. Dlatego w\u0142a\u015bnie w Krakowie\u00a0powsta\u0142o\u00a0Bran\u017cowe Centrum Umiej\u0119tno\u015bci nr 1 w dziedzinie renowacji element\u00f3w architektury \u2013 pierwsze i jedyne takie [&hellip;]<\/p>\n","protected":false},"author":2,"featured_media":0,"parent":0,"menu_order":0,"comment_status":"closed","ping_status":"closed","template":"","meta":{"footnotes":""},"class_list":["post-375","page","type-page","status-publish","hentry"],"blocksy_meta":[],"_links":{"self":[{"href":"https:\/\/bcu.zsab.krakow.pl\/index.php?rest_route=\/wp\/v2\/pages\/375","targetHints":{"allow":["GET"]}}],"collection":[{"href":"https:\/\/bcu.zsab.krakow.pl\/index.php?rest_route=\/wp\/v2\/pages"}],"about":[{"href":"https:\/\/bcu.zsab.krakow.pl\/index.php?rest_route=\/wp\/v2\/types\/page"}],"author":[{"embeddable":true,"href":"https:\/\/bcu.zsab.krakow.pl\/index.php?rest_route=\/wp\/v2\/users\/2"}],"replies":[{"embeddable":true,"href":"https:\/\/bcu.zsab.krakow.pl\/index.php?rest_route=%2Fwp%2Fv2%2Fcomments&post=375"}],"version-history":[{"count":10,"href":"https:\/\/bcu.zsab.krakow.pl\/index.php?rest_route=\/wp\/v2\/pages\/375\/revisions"}],"predecessor-version":[{"id":937,"href":"https:\/\/bcu.zsab.krakow.pl\/index.php?rest_route=\/wp\/v2\/pages\/375\/revisions\/937"}],"wp:attachment":[{"href":"https:\/\/bcu.zsab.krakow.pl\/index.php?rest_route=%2Fwp%2Fv2%2Fmedia&parent=375"}],"curies":[{"name":"wp","href":"https:\/\/api.w.org\/{rel}","templated":true}]}}