{"id":382,"date":"2026-02-09T16:01:59","date_gmt":"2026-02-09T16:01:59","guid":{"rendered":"https:\/\/bcu.zsab.krakow.pl\/?page_id=382"},"modified":"2026-02-22T10:17:40","modified_gmt":"2026-02-22T10:17:40","slug":"informacje-ogolne","status":"publish","type":"page","link":"https:\/\/bcu.zsab.krakow.pl\/?page_id=382","title":{"rendered":"Informacje og\u00f3lne"},"content":{"rendered":"\n<p><strong>Czym jest BCU?<\/strong><\/p>\n\n\n\n<p>Bran\u017cowe centrum umiej\u0119tno\u015bci (BCU) to nowa jednostka systemu o\u015bwiaty \u2013&nbsp;<strong>zaawansowana technologicznie plac\u00f3wka kszta\u0142cenia, szkolenia i egzaminowania&nbsp;<\/strong>\u2013 o zasi\u0119gu og\u00f3lnopolskim, kt\u00f3rej dzia\u0142alno\u015b\u0107 jest nierozerwalnie zwi\u0105zana z og\u00f3lnopolsk\u0105 organizacj\u0105 bran\u017cow\u0105 w\u0142a\u015bciw\u0105 dla danej dziedziny zawodowej. Dzia\u0142alno\u015b\u0107 BCU jest ukierunkowana na wspieranie wsp\u00f3\u0142pracy szk\u00f3\u0142, plac\u00f3wek i uczelni z pracodawcami,&nbsp;<strong>zwi\u0119kszanie transferu wiedzy i nowych technologii<\/strong>&nbsp;do szk\u00f3\u0142, plac\u00f3wek i uczelni, w tym upowszechnianie&nbsp;<strong>transformacji ekologicznej i cyfrowej<\/strong>&nbsp;oraz wspieranie szk\u00f3\u0142, plac\u00f3wek i uczelni w realizacji&nbsp;<strong>doradztwa zawodowego<\/strong>, w zakresie danej dziedziny zawodowej.<\/p>\n\n\n\n<p><strong>Do kogo jest skierowane BCU?<\/strong><\/p>\n\n\n\n<p>\u200bPowsta\u0142e przy Zespole Szk\u00f3\u0142 Architektoniczno-Budowlanych w Krakowie (ZSAB) Bran\u017cowe Centrum Umiej\u0119tno\u015bci nr 1 szkoli <strong>obecnych i przysz\u0142ych renowator\u00f3w element\u00f3w architektury<\/strong>. Z oferty naszych\u00a0bezp\u0142atnych\u00a0szkole\u0144 mog\u0105 skorzysta\u0107 zar\u00f3wno <strong>uczniowie, studenci i doktoranci, jak i osoby d\u0105\u017c\u0105ce do zmiany swoich kwalifikacji zawodowych czy pracownicy bran\u017cy<\/strong>. W BCU jako jedynej plac\u00f3wce systemu o\u015bwiaty prowadzone s\u0105\u00a0bezp\u0142atne\u00a0szkolenia bran\u017cowe dla <strong>nauczycieli teoretycznych przedmiot\u00f3w zawodowych i nauczycieli praktycznej nauki zawodu<\/strong>. Ka\u017cdy \u2013 w zale\u017cno\u015bci od swoich potrzeb i plan\u00f3w zawodowych \u2013 mo\u017ce zdoby\u0107 nowe kwalifikacje, uzupe\u0142ni\u0107 luki kompetencyjne czy doskonali\u0107 si\u0119 w wybranym obszarze.<\/p>\n\n\n\n<p><strong>Zakres dzia\u0142ania BCU i lokalizacja<\/strong><\/p>\n\n\n\n<p>Wynikaj\u0105cy z silnego wyspecjalizowania w dziedzinie <strong>renowacji element\u00f3w architektury<\/strong> unikatowy charakter naszego BCU oraz bezcenne do\u015bwiadczenie ZSAB w tej dziedzinie w po\u0142\u0105czeniu z atrakcyjnym otoczeniem akademickim zapewniaj\u0105cym wysoki poziom nauczania i przygotowania kadry pedagogicznej zadecydowa\u0142y o ulokowaniu centrum w\u0142a\u015bnie <strong>w Krakowie<\/strong> \u2013 ku\u017ani kadr dla <strong>renowacji element\u00f3w architektury<\/strong>, mie\u015bcie wpisanym na List\u0119 \u015awiatowego Dziedzictwa UNESCO.<\/p>\n\n\n\n<p>Oferta edukacyjno-szkoleniowa BCU wspiera proces <strong>uczenia si\u0119 przez ca\u0142e \u017cycie<\/strong> zgodnie z ide\u0105 <strong>Zintegrowanej Strategii Umiej\u0119tno\u015bci 2030<\/strong>. Nasze bezp\u0142atne bran\u017cowe szkolenia zawodowe, rozumiane jako specjalistyczne szkolenia przydatne do wykonywania zawodu oraz kszta\u0142tuj\u0105ce umiej\u0119tno\u015bci cyfrowe i umiej\u0119tno\u015bci zwi\u0105zane z transformacj\u0105 ekologiczn\u0105 stanowi\u0105 kwintesencj\u0119 tej pozaszkolnej formy <strong>kszta\u0142cenia ustawicznego<\/strong> wysoko wykwalifikowanych kadr w dziedzinie <strong>renowacji element\u00f3w architektury<\/strong>.<\/p>\n\n\n\n<p><\/p>\n","protected":false},"excerpt":{"rendered":"<p>Czym jest BCU? Bran\u017cowe centrum umiej\u0119tno\u015bci (BCU) to nowa jednostka systemu o\u015bwiaty \u2013&nbsp;zaawansowana technologicznie plac\u00f3wka kszta\u0142cenia, szkolenia i egzaminowania&nbsp;\u2013 o zasi\u0119gu og\u00f3lnopolskim, kt\u00f3rej dzia\u0142alno\u015b\u0107 jest nierozerwalnie zwi\u0105zana z og\u00f3lnopolsk\u0105 organizacj\u0105 bran\u017cow\u0105 w\u0142a\u015bciw\u0105 dla danej dziedziny zawodowej. Dzia\u0142alno\u015b\u0107 BCU jest ukierunkowana na wspieranie wsp\u00f3\u0142pracy szk\u00f3\u0142, plac\u00f3wek i uczelni z pracodawcami,&nbsp;zwi\u0119kszanie transferu wiedzy i nowych technologii&nbsp;do szk\u00f3\u0142, [&hellip;]<\/p>\n","protected":false},"author":2,"featured_media":0,"parent":0,"menu_order":0,"comment_status":"closed","ping_status":"closed","template":"","meta":{"footnotes":""},"class_list":["post-382","page","type-page","status-publish","hentry"],"blocksy_meta":[],"_links":{"self":[{"href":"https:\/\/bcu.zsab.krakow.pl\/index.php?rest_route=\/wp\/v2\/pages\/382","targetHints":{"allow":["GET"]}}],"collection":[{"href":"https:\/\/bcu.zsab.krakow.pl\/index.php?rest_route=\/wp\/v2\/pages"}],"about":[{"href":"https:\/\/bcu.zsab.krakow.pl\/index.php?rest_route=\/wp\/v2\/types\/page"}],"author":[{"embeddable":true,"href":"https:\/\/bcu.zsab.krakow.pl\/index.php?rest_route=\/wp\/v2\/users\/2"}],"replies":[{"embeddable":true,"href":"https:\/\/bcu.zsab.krakow.pl\/index.php?rest_route=%2Fwp%2Fv2%2Fcomments&post=382"}],"version-history":[{"count":6,"href":"https:\/\/bcu.zsab.krakow.pl\/index.php?rest_route=\/wp\/v2\/pages\/382\/revisions"}],"predecessor-version":[{"id":681,"href":"https:\/\/bcu.zsab.krakow.pl\/index.php?rest_route=\/wp\/v2\/pages\/382\/revisions\/681"}],"wp:attachment":[{"href":"https:\/\/bcu.zsab.krakow.pl\/index.php?rest_route=%2Fwp%2Fv2%2Fmedia&parent=382"}],"curies":[{"name":"wp","href":"https:\/\/api.w.org\/{rel}","templated":true}]}}