{"id":384,"date":"2026-02-09T16:02:08","date_gmt":"2026-02-09T16:02:08","guid":{"rendered":"https:\/\/bcu.zsab.krakow.pl\/?page_id=384"},"modified":"2026-02-11T10:09:40","modified_gmt":"2026-02-11T10:09:40","slug":"partnerzy","status":"publish","type":"page","link":"https:\/\/bcu.zsab.krakow.pl\/?page_id=384","title":{"rendered":"Partnerzy"},"content":{"rendered":"\n<p>Najwa\u017cniejsze zadania naszego BCU to prowadzenie dzia\u0142a\u0144 innowacyjnych, rozwojowych, doradczych i promocyjnych, a przede wszystkim <strong>dzia\u0142a\u0144 integruj\u0105cych edukacj\u0119 z biznesem<\/strong>. Dlatego partnerami naszego centrum zosta\u0142y <strong>Polska Izba Budownictwa<\/strong> i <strong>Politechnika Krakowska<\/strong>, kt\u00f3re zapewniaj\u0105 nam wsparcie eksperckie. Oferowane przez nas szkolenia pozwalaj\u0105 zdoby\u0107 wiedz\u0119 i umiej\u0119tno\u015bci potrzebne do pracy przy renowacji obiekt\u00f3w zabytkowych.<\/p>\n\n\n\n<p class=\"has-text-align-center\"><strong>PARTNER G\u0141\u00d3WNY<\/strong><\/p>\n\n\n\n<figure class=\"wp-block-image aligncenter size-full\"><img loading=\"lazy\" decoding=\"async\" width=\"340\" height=\"294\" src=\"https:\/\/bcu.zsab.krakow.pl\/wp-content\/uploads\/2026\/02\/PIB.png\" alt=\"\" class=\"wp-image-394\" srcset=\"https:\/\/bcu.zsab.krakow.pl\/wp-content\/uploads\/2026\/02\/PIB.png 340w, https:\/\/bcu.zsab.krakow.pl\/wp-content\/uploads\/2026\/02\/PIB-300x259.png 300w\" sizes=\"auto, (max-width: 340px) 100vw, 340px\" \/><\/figure>\n\n\n\n<p><strong>Polska Izba Budownictwa<\/strong>&nbsp;zrzesza 53 firmy oraz 49 szk\u00f3\u0142 budowlanych z ca\u0142ej Polski, tworz\u0105c og\u00f3lnopolsk\u0105 sekcj\u0119 szk\u00f3\u0142 budowlanych. Od lat aktywnie wspiera rozw\u00f3j kszta\u0142cenia zawodowego w bran\u017cy budowlanej,&nbsp;<strong>\u0142\u0105cz\u0105c \u015brodowisko edukacyjne z rynkiem pracy<\/strong>.<\/p>\n\n\n\n<p>\u200bW 1995 roku Izba zainicjowa\u0142a&nbsp;Program Edukacji Budowlanej, funkcjonuj\u0105cy obecnie pod nazw\u0105&nbsp;Akademia Edukacji Budowlanej, kt\u00f3rego nadrz\u0119dnym celem jest&nbsp;<strong>u\u0142atwienie uczniom i nauczycielom dost\u0119pu do nowoczesnych materia\u0142\u00f3w, technologii oraz innowacyjnych rozwi\u0105za\u0144 stosowanych w budownictwie<\/strong>. Dzia\u0142ania te realizowane s\u0105 poprzez organizacj\u0119 szkole\u0144 \u2013 r\u00f3wnie\u017c w formule online \u2013 pokaz\u00f3w technologicznych w szko\u0142ach, kurs\u00f3w doskonal\u0105cych dla nauczycieli, a tak\u017ce konkurs\u00f3w o zasi\u0119gu og\u00f3lnopolskim, takich jak presti\u017cowy turniej&nbsp;\u201eZ\u0142ota Kielnia\u201d.<\/p>\n\n\n\n<p>\u200bPolska Izba Budownictwa inicjuje i organizuje spotkania sekcji po\u015bwi\u0119cone debatom nad kierunkami zmian w szkolnictwie zawodowym oraz dostosowaniem oferty edukacyjnej do aktualnych potrzeb rynku pracy. Posiada podpisane&nbsp;<strong>porozumienie o wsp\u00f3\u0142pracy z Ministerstwem Edukacji Narodowej<\/strong>, obejmuj\u0105ce promocj\u0119 kszta\u0142cenia zawodowego \u2013 w tym kszta\u0142cenia ustawicznego i praktycznego \u2013 w obszarze budownictwa. Izba ma r\u00f3wnie\u017c do\u015bwiadczenie w realizacji&nbsp;projekt\u00f3w finansowanych ze \u015brodk\u00f3w Unii Europejskiej&nbsp;oraz aktywnie uczestniczy w pracach&nbsp;<strong>Sektorowej Rady ds. Kompetencji w Budownictwie<\/strong>. Postrzegana jest jako&nbsp;<strong>og\u00f3lnopolska organizacja bran\u017cowa o silnej pozycji<\/strong>, inicjuj\u0105ca konkursy, targi oraz anga\u017cuj\u0105ca si\u0119 w&nbsp;projekty edukacyjne o zasi\u0119gu europejskim. Ponadto Polska Izba Budownictwa organizuje liczne warsztaty, szkolenia i kursy, m.in. we&nbsp;wsp\u00f3\u0142pracy z&nbsp;<strong>Fundacj\u0105 Rozwoju Systemu Edukacji<\/strong>, wspieraj\u0105c rozw\u00f3j kompetencji zawodowych oraz podnoszenie jako\u015bci kszta\u0142cenia w sektorze budownictwa.<\/p>\n\n\n\n<div style=\"height:100px\" aria-hidden=\"true\" class=\"wp-block-spacer\"><\/div>\n\n\n\n<p class=\"has-text-align-center\"><strong>PARTNER DODATKOWY<\/strong><\/p>\n\n\n\n<figure class=\"wp-block-image aligncenter size-full\"><img loading=\"lazy\" decoding=\"async\" width=\"313\" height=\"70\" src=\"https:\/\/bcu.zsab.krakow.pl\/wp-content\/uploads\/2026\/02\/PK.png\" alt=\"\" class=\"wp-image-395\" srcset=\"https:\/\/bcu.zsab.krakow.pl\/wp-content\/uploads\/2026\/02\/PK.png 313w, https:\/\/bcu.zsab.krakow.pl\/wp-content\/uploads\/2026\/02\/PK-300x67.png 300w\" sizes=\"auto, (max-width: 313px) 100vw, 313px\" \/><\/figure>\n\n\n\n<p><strong>Politechnika Krakowska<\/strong>&nbsp;to renomowana uczelnia wy\u017csza, pe\u0142ni\u0105ca w BCU nr 1 rol\u0119 eksperta i kluczowego doradcy w obszarze doradztwa zawodowego oraz walidacji kompetencji.&nbsp;W BCU nr 1, jako partner Gminy Miejskiej Krak\u00f3w, realizuje zadanie \u201eDoradztwo zawodowe\u201d. To&nbsp;<strong>jedyna politechnika w wojew\u00f3dztwie ma\u0142opolskim<\/strong>, dzia\u0142aj\u0105ca nieprzerwanie od 1954 roku. Uczelnia prowadzi kszta\u0142cenie na&nbsp;<strong>7 wydzia\u0142ach<\/strong>, oferuj\u0105c&nbsp;<strong>25 kierunk\u00f3w studi\u00f3w<\/strong>, i posiada bogate do\u015bwiadczenie w realizacji projekt\u00f3w wsp\u00f3\u0142finansowanych ze \u015brodk\u00f3w Unii Europejskiej.<\/p>\n\n\n\n<p>\u200bDo realizacji zada\u0144 w BCU nr 1 zaanga\u017cowani zostali&nbsp;<strong>wysoko wykwalifikowani doradcy zawodowi, pedagodzy i psycholodzy<\/strong>&nbsp;z minimum 3-letnim do\u015bwiadczeniem, reprezentuj\u0105cy m.in.&nbsp;<strong>Centrum Pedagogiki i Psychologii<\/strong>,&nbsp;<strong>Centrum Transferu Technologii i<\/strong>&nbsp;<strong>Biuro Karier Politechniki Krakowskiej<\/strong>. W zespole BCU nr 1 nie mog\u0142o zabrakn\u0105\u0107 tak\u017ce posiadaj\u0105cych co najmniej 3-letnim do\u015bwiadczenie, wysokiej klasy doradc\u00f3w zawodowych, trener\u00f3w oraz specjalist\u00f3w ds. szkole\u0144 online, realizuj\u0105cych dzia\u0142ania na platformie e-learningowej&nbsp;<strong>Krakowskiej Szko\u0142y Doradztwa Zawodowego<\/strong>.<\/p>\n\n\n\n<p>\u200bPartnerstwo z Politechnik\u0105 Krakowsk\u0105 obejmuje r\u00f3wnie\u017c&nbsp;<strong>Wydzia\u0142 Architektury<\/strong>, kt\u00f3ry wnosi do projektu BCU eksperck\u0105 wiedz\u0119 i doradztwo w zakresie kszta\u0142cenia&nbsp;<strong>w dziedzinie&nbsp;<\/strong><strong>renowacji element\u00f3w architektury<\/strong>, zapewniaj\u0105c tym samym wysoki poziom merytoryczny i praktyczny realizowanych kurs\u00f3w i szkole\u0144.<\/p>\n\n\n\n<p><\/p>\n","protected":false},"excerpt":{"rendered":"<p>Najwa\u017cniejsze zadania naszego BCU to prowadzenie dzia\u0142a\u0144 innowacyjnych, rozwojowych, doradczych i promocyjnych, a przede wszystkim dzia\u0142a\u0144 integruj\u0105cych edukacj\u0119 z biznesem. Dlatego partnerami naszego centrum zosta\u0142y Polska Izba Budownictwa i Politechnika Krakowska, kt\u00f3re zapewniaj\u0105 nam wsparcie eksperckie. Oferowane przez nas szkolenia pozwalaj\u0105 zdoby\u0107 wiedz\u0119 i umiej\u0119tno\u015bci potrzebne do pracy przy renowacji obiekt\u00f3w zabytkowych. PARTNER G\u0141\u00d3WNY Polska [&hellip;]<\/p>\n","protected":false},"author":2,"featured_media":0,"parent":0,"menu_order":0,"comment_status":"closed","ping_status":"closed","template":"","meta":{"footnotes":""},"class_list":["post-384","page","type-page","status-publish","hentry"],"blocksy_meta":[],"_links":{"self":[{"href":"https:\/\/bcu.zsab.krakow.pl\/index.php?rest_route=\/wp\/v2\/pages\/384","targetHints":{"allow":["GET"]}}],"collection":[{"href":"https:\/\/bcu.zsab.krakow.pl\/index.php?rest_route=\/wp\/v2\/pages"}],"about":[{"href":"https:\/\/bcu.zsab.krakow.pl\/index.php?rest_route=\/wp\/v2\/types\/page"}],"author":[{"embeddable":true,"href":"https:\/\/bcu.zsab.krakow.pl\/index.php?rest_route=\/wp\/v2\/users\/2"}],"replies":[{"embeddable":true,"href":"https:\/\/bcu.zsab.krakow.pl\/index.php?rest_route=%2Fwp%2Fv2%2Fcomments&post=384"}],"version-history":[{"count":16,"href":"https:\/\/bcu.zsab.krakow.pl\/index.php?rest_route=\/wp\/v2\/pages\/384\/revisions"}],"predecessor-version":[{"id":582,"href":"https:\/\/bcu.zsab.krakow.pl\/index.php?rest_route=\/wp\/v2\/pages\/384\/revisions\/582"}],"wp:attachment":[{"href":"https:\/\/bcu.zsab.krakow.pl\/index.php?rest_route=%2Fwp%2Fv2%2Fmedia&parent=384"}],"curies":[{"name":"wp","href":"https:\/\/api.w.org\/{rel}","templated":true}]}}