{"id":401,"date":"2026-02-09T16:33:05","date_gmt":"2026-02-09T16:33:05","guid":{"rendered":"https:\/\/bcu.zsab.krakow.pl\/?page_id=401"},"modified":"2026-02-09T16:51:09","modified_gmt":"2026-02-09T16:51:09","slug":"pracownia-rysunku-odrecznego","status":"publish","type":"page","link":"https:\/\/bcu.zsab.krakow.pl\/?page_id=401","title":{"rendered":"Pracownia rysunku odr\u0119cznego"},"content":{"rendered":"\n<p>\u200bPracownia rysunku odr\u0119cznego i historii sztuki\u00a0zlokalizowana jest w budynku szko\u0142y, mi\u0119dzy cz\u0119\u015bci\u0105 g\u0142\u00f3wn\u0105 obiektu a aul\u0105. To nowoczesna i funkcjonalna przestrze\u0144 dydaktyczna, sprzyjaj\u0105ca\u00a0<strong>rozwijaniu umiej\u0119tno\u015bci artystycznych i kreatywno\u015bci<\/strong>\u00a0kursant\u00f3w. Pracownia zosta\u0142a wyposa\u017cona w\u00a0<strong>profesjonalne sztalugi, nowoczesne urz\u0105dzenia audiowizualne oraz bogate materia\u0142y ekspozycyjne z zakresu historii sztuki<\/strong>, w tym modele dydaktyczne. Ka\u017cde stanowisko pracy posiada\u00a0<strong>komplet materia\u0142\u00f3w kre\u015blarskich<\/strong>, a ca\u0142o\u015b\u0107 uzupe\u0142nia\u00a0<strong>podest ekspozycyjny<\/strong>\u00a0oraz pe\u0142ne zaplecze materia\u0142\u00f3w eksploatacyjnych, zapewniaj\u0105cych sprawne i komfortowe funkcjonowanie pracowni.<\/p>\n","protected":false},"excerpt":{"rendered":"<p>\u200bPracownia rysunku odr\u0119cznego i historii sztuki\u00a0zlokalizowana jest w budynku szko\u0142y, mi\u0119dzy cz\u0119\u015bci\u0105 g\u0142\u00f3wn\u0105 obiektu a aul\u0105. To nowoczesna i funkcjonalna przestrze\u0144 dydaktyczna, sprzyjaj\u0105ca\u00a0rozwijaniu umiej\u0119tno\u015bci artystycznych i kreatywno\u015bci\u00a0kursant\u00f3w. Pracownia zosta\u0142a wyposa\u017cona w\u00a0profesjonalne sztalugi, nowoczesne urz\u0105dzenia audiowizualne oraz bogate materia\u0142y ekspozycyjne z zakresu historii sztuki, w tym modele dydaktyczne. Ka\u017cde stanowisko pracy posiada\u00a0komplet materia\u0142\u00f3w kre\u015blarskich, a ca\u0142o\u015b\u0107 [&hellip;]<\/p>\n","protected":false},"author":2,"featured_media":0,"parent":0,"menu_order":0,"comment_status":"closed","ping_status":"closed","template":"","meta":{"footnotes":""},"class_list":["post-401","page","type-page","status-publish","hentry"],"blocksy_meta":[],"_links":{"self":[{"href":"https:\/\/bcu.zsab.krakow.pl\/index.php?rest_route=\/wp\/v2\/pages\/401","targetHints":{"allow":["GET"]}}],"collection":[{"href":"https:\/\/bcu.zsab.krakow.pl\/index.php?rest_route=\/wp\/v2\/pages"}],"about":[{"href":"https:\/\/bcu.zsab.krakow.pl\/index.php?rest_route=\/wp\/v2\/types\/page"}],"author":[{"embeddable":true,"href":"https:\/\/bcu.zsab.krakow.pl\/index.php?rest_route=\/wp\/v2\/users\/2"}],"replies":[{"embeddable":true,"href":"https:\/\/bcu.zsab.krakow.pl\/index.php?rest_route=%2Fwp%2Fv2%2Fcomments&post=401"}],"version-history":[{"count":2,"href":"https:\/\/bcu.zsab.krakow.pl\/index.php?rest_route=\/wp\/v2\/pages\/401\/revisions"}],"predecessor-version":[{"id":469,"href":"https:\/\/bcu.zsab.krakow.pl\/index.php?rest_route=\/wp\/v2\/pages\/401\/revisions\/469"}],"wp:attachment":[{"href":"https:\/\/bcu.zsab.krakow.pl\/index.php?rest_route=%2Fwp%2Fv2%2Fmedia&parent=401"}],"curies":[{"name":"wp","href":"https:\/\/api.w.org\/{rel}","templated":true}]}}