{"id":403,"date":"2026-02-09T16:33:19","date_gmt":"2026-02-09T16:33:19","guid":{"rendered":"https:\/\/bcu.zsab.krakow.pl\/?page_id=403"},"modified":"2026-02-09T16:51:26","modified_gmt":"2026-02-09T16:51:26","slug":"pracownia-bim-i-druku-3d","status":"publish","type":"page","link":"https:\/\/bcu.zsab.krakow.pl\/?page_id=403","title":{"rendered":"Pracownia BIM i druku 3D"},"content":{"rendered":"\n<p>Pracownia projektowania BIM i druku 3D\u00a0zlokalizowana jest na parterze w budynku szko\u0142y. To nowoczesne, innowacyjne \u015brodowisko edukacyjne zosta\u0142o wyposa\u017cone w\u00a0<strong>zaawansowane urz\u0105dzenia audiowizualne<\/strong>,\u00a0<strong>profesjonalne<\/strong>\u00a0<strong>drukarki 3D<\/strong>\u00a0oraz\u00a0<strong>wydajne stanowiska komputerowe z pe\u0142nym oprogramowaniem BIM<\/strong>. Kompleksowe zaplecze technologiczne umo\u017cliwia realizacj\u0119 projekt\u00f3w\u00a0<strong>od etapu cyfrowego modelowania po fizyczne prototypowanie<\/strong>, gwarantuj\u0105c efektywne funkcjonowanie pracowni na najwy\u017cszym poziomie.<\/p>\n","protected":false},"excerpt":{"rendered":"<p>Pracownia projektowania BIM i druku 3D\u00a0zlokalizowana jest na parterze w budynku szko\u0142y. To nowoczesne, innowacyjne \u015brodowisko edukacyjne zosta\u0142o wyposa\u017cone w\u00a0zaawansowane urz\u0105dzenia audiowizualne,\u00a0profesjonalne\u00a0drukarki 3D\u00a0oraz\u00a0wydajne stanowiska komputerowe z pe\u0142nym oprogramowaniem BIM. Kompleksowe zaplecze technologiczne umo\u017cliwia realizacj\u0119 projekt\u00f3w\u00a0od etapu cyfrowego modelowania po fizyczne prototypowanie, gwarantuj\u0105c efektywne funkcjonowanie pracowni na najwy\u017cszym poziomie.<\/p>\n","protected":false},"author":2,"featured_media":0,"parent":0,"menu_order":0,"comment_status":"closed","ping_status":"closed","template":"","meta":{"footnotes":""},"class_list":["post-403","page","type-page","status-publish","hentry"],"blocksy_meta":[],"_links":{"self":[{"href":"https:\/\/bcu.zsab.krakow.pl\/index.php?rest_route=\/wp\/v2\/pages\/403","targetHints":{"allow":["GET"]}}],"collection":[{"href":"https:\/\/bcu.zsab.krakow.pl\/index.php?rest_route=\/wp\/v2\/pages"}],"about":[{"href":"https:\/\/bcu.zsab.krakow.pl\/index.php?rest_route=\/wp\/v2\/types\/page"}],"author":[{"embeddable":true,"href":"https:\/\/bcu.zsab.krakow.pl\/index.php?rest_route=\/wp\/v2\/users\/2"}],"replies":[{"embeddable":true,"href":"https:\/\/bcu.zsab.krakow.pl\/index.php?rest_route=%2Fwp%2Fv2%2Fcomments&post=403"}],"version-history":[{"count":2,"href":"https:\/\/bcu.zsab.krakow.pl\/index.php?rest_route=\/wp\/v2\/pages\/403\/revisions"}],"predecessor-version":[{"id":470,"href":"https:\/\/bcu.zsab.krakow.pl\/index.php?rest_route=\/wp\/v2\/pages\/403\/revisions\/470"}],"wp:attachment":[{"href":"https:\/\/bcu.zsab.krakow.pl\/index.php?rest_route=%2Fwp%2Fv2%2Fmedia&parent=403"}],"curies":[{"name":"wp","href":"https:\/\/api.w.org\/{rel}","templated":true}]}}