{"id":405,"date":"2026-02-09T16:33:33","date_gmt":"2026-02-09T16:33:33","guid":{"rendered":"https:\/\/bcu.zsab.krakow.pl\/?page_id=405"},"modified":"2026-02-10T10:22:22","modified_gmt":"2026-02-10T10:22:22","slug":"pracownia-vr","status":"publish","type":"page","link":"https:\/\/bcu.zsab.krakow.pl\/?page_id=405","title":{"rendered":"Pracownia VR"},"content":{"rendered":"\n<p>Pracownia VR\u00a0zlokalizowana jest na parterze w budynku szko\u0142y i stanowi nowoczesn\u0105 przestrze\u0144 edukacyjn\u0105 wykorzystuj\u0105c\u0105 <strong>technologie wirtualnej rzeczywisto\u015bci<\/strong>. Pomieszczenie zosta\u0142o wyposa\u017cone w zaawansowane urz\u0105dzenia audiowizualne, <strong>kompletne zestawy VR<\/strong> oraz\u00a0<strong>wydajne stanowiska komputerowe z dedykowanym oprogramowaniem<\/strong>. Tak\u00a0<strong>kompleksowe zaplecze technologiczne<\/strong>\u00a0zapewnia komfortowe i efektywne prowadzenie zaj\u0119\u0107 oraz profesjonalne funkcjonowanie pracowni.<\/p>\n","protected":false},"excerpt":{"rendered":"<p>Pracownia VR\u00a0zlokalizowana jest na parterze w budynku szko\u0142y i stanowi nowoczesn\u0105 przestrze\u0144 edukacyjn\u0105 wykorzystuj\u0105c\u0105 technologie wirtualnej rzeczywisto\u015bci. Pomieszczenie zosta\u0142o wyposa\u017cone w zaawansowane urz\u0105dzenia audiowizualne, kompletne zestawy VR oraz\u00a0wydajne stanowiska komputerowe z dedykowanym oprogramowaniem. Tak\u00a0kompleksowe zaplecze technologiczne\u00a0zapewnia komfortowe i efektywne prowadzenie zaj\u0119\u0107 oraz profesjonalne funkcjonowanie pracowni.<\/p>\n","protected":false},"author":2,"featured_media":0,"parent":0,"menu_order":0,"comment_status":"closed","ping_status":"closed","template":"","meta":{"footnotes":""},"class_list":["post-405","page","type-page","status-publish","hentry"],"blocksy_meta":[],"_links":{"self":[{"href":"https:\/\/bcu.zsab.krakow.pl\/index.php?rest_route=\/wp\/v2\/pages\/405","targetHints":{"allow":["GET"]}}],"collection":[{"href":"https:\/\/bcu.zsab.krakow.pl\/index.php?rest_route=\/wp\/v2\/pages"}],"about":[{"href":"https:\/\/bcu.zsab.krakow.pl\/index.php?rest_route=\/wp\/v2\/types\/page"}],"author":[{"embeddable":true,"href":"https:\/\/bcu.zsab.krakow.pl\/index.php?rest_route=\/wp\/v2\/users\/2"}],"replies":[{"embeddable":true,"href":"https:\/\/bcu.zsab.krakow.pl\/index.php?rest_route=%2Fwp%2Fv2%2Fcomments&post=405"}],"version-history":[{"count":4,"href":"https:\/\/bcu.zsab.krakow.pl\/index.php?rest_route=\/wp\/v2\/pages\/405\/revisions"}],"predecessor-version":[{"id":547,"href":"https:\/\/bcu.zsab.krakow.pl\/index.php?rest_route=\/wp\/v2\/pages\/405\/revisions\/547"}],"wp:attachment":[{"href":"https:\/\/bcu.zsab.krakow.pl\/index.php?rest_route=%2Fwp%2Fv2%2Fmedia&parent=405"}],"curies":[{"name":"wp","href":"https:\/\/api.w.org\/{rel}","templated":true}]}}