{"id":409,"date":"2026-02-09T16:34:10","date_gmt":"2026-02-09T16:34:10","guid":{"rendered":"https:\/\/bcu.zsab.krakow.pl\/?page_id=409"},"modified":"2026-02-12T11:34:25","modified_gmt":"2026-02-12T11:34:25","slug":"pracownia-stolarska","status":"publish","type":"page","link":"https:\/\/bcu.zsab.krakow.pl\/?page_id=409","title":{"rendered":"Pracownia stolarska &#8211; renowacja mebli"},"content":{"rendered":"\n<p>Nasza <strong>pracownia stolarska ukierunkowana na renowacj\u0119 mebli<\/strong> to nowoczesny warsztat zaprojektowany z my\u015bl\u0105 o\u00a0<strong>precyzji<\/strong>,\u00a0<strong>jako\u015bci<\/strong>\u00a0i\u00a0<strong>komforcie pracy<\/strong>. Dysponujemy zaawansowanym zapleczem technologicznym, kt\u00f3re pozwala nam \u0142\u0105czy\u0107 tradycyjne rzemios\u0142o z nowoczesnymi rozwi\u0105zaniami.<\/p>\n\n\n\n<p>\u200bWyposa\u017cenie pracowni obejmuje m.in. profesjonalne sto\u0142y stolarskie i szlifierskie, strugnic\u0119, grubo\u015bci\u00f3wk\u0119, d\u0142utownice do drewna PDS 140 oraz cykliniarki, kt\u00f3re umo\u017cliwiaj\u0105 precyzyjn\u0105 obr\u00f3bk\u0119 nawet najbardziej wymagaj\u0105cych element\u00f3w. W zakresie nowoczesnych technologii korzystamy z frezarki CNC oraz plotera frezuj\u0105co-graweruj\u0105cego o mocy 3 kW, co pozwala na&nbsp;<strong>dok\u0142adne odtwarzanie detali i realizacj\u0119 indywidualnych projekt\u00f3w szkoleniowych<\/strong>.&nbsp;\u200bKompleksowe wyposa\u017cenie uzupe\u0142niaj\u0105 r\u00f3\u017cnego rodzaju pilarki (stolikowa, mieczowa, poprzeczna, szablasta, uko\u015bnica przesuwna, zag\u0142\u0119biarka z podcinakiem, pilarki r\u0119czne i akumulatorowe), optymalizerka, ostrza\u0142ki narz\u0119dzi i pi\u0142 oraz pe\u0142en system wentylator\u00f3w transportowych trocin, odci\u0105g\u00f3w i wyci\u0105g\u00f3w o mocy 18,5 kW, zapewniaj\u0105cy czysto\u015b\u0107 i bezpiecze\u0144stwo pracy. O&nbsp;<strong>dobr\u0105 jako\u015b\u0107 powietrza<\/strong>&nbsp;dbaj\u0105 oczyszczacze i mobilne odkurzacze przemys\u0142owe. Ca\u0142o\u015b\u0107 dope\u0142niaj\u0105 profesjonalne narz\u0119dzia pomiarowe i traserskie \u2013 miary, linia\u0142y, k\u0105towniki i znaczniki \u2013 gwarantuj\u0105ce&nbsp;<strong>najwy\u017csz\u0105 dok\u0142adno\u015b\u0107 na ka\u017cdym etapie realizacji projektu szkoleniowego<\/strong>.<\/p>\n\n\n\n<p>\u200bDzi\u0119ki takiemu wyposa\u017ceniu mo\u017cemy oferowa\u0107 szkolenia z renowacji mebli na najwy\u017cszym poziomie,&nbsp;<strong>z dba\u0142o\u015bci\u0105 o detale, trwa\u0142o\u015b\u0107 i estetyk\u0119<\/strong>. Nasza pracownia stolarska to synonim przyjemno\u015bci tworzenia i przywracania meblom ich dawnego charakteru.<\/p>\n","protected":false},"excerpt":{"rendered":"<p>Nasza pracownia stolarska ukierunkowana na renowacj\u0119 mebli to nowoczesny warsztat zaprojektowany z my\u015bl\u0105 o\u00a0precyzji,\u00a0jako\u015bci\u00a0i\u00a0komforcie pracy. Dysponujemy zaawansowanym zapleczem technologicznym, kt\u00f3re pozwala nam \u0142\u0105czy\u0107 tradycyjne rzemios\u0142o z nowoczesnymi rozwi\u0105zaniami. \u200bWyposa\u017cenie pracowni obejmuje m.in. profesjonalne sto\u0142y stolarskie i szlifierskie, strugnic\u0119, grubo\u015bci\u00f3wk\u0119, d\u0142utownice do drewna PDS 140 oraz cykliniarki, kt\u00f3re umo\u017cliwiaj\u0105 precyzyjn\u0105 obr\u00f3bk\u0119 nawet najbardziej wymagaj\u0105cych element\u00f3w. W [&hellip;]<\/p>\n","protected":false},"author":2,"featured_media":0,"parent":0,"menu_order":0,"comment_status":"closed","ping_status":"closed","template":"","meta":{"footnotes":""},"class_list":["post-409","page","type-page","status-publish","hentry"],"blocksy_meta":[],"_links":{"self":[{"href":"https:\/\/bcu.zsab.krakow.pl\/index.php?rest_route=\/wp\/v2\/pages\/409","targetHints":{"allow":["GET"]}}],"collection":[{"href":"https:\/\/bcu.zsab.krakow.pl\/index.php?rest_route=\/wp\/v2\/pages"}],"about":[{"href":"https:\/\/bcu.zsab.krakow.pl\/index.php?rest_route=\/wp\/v2\/types\/page"}],"author":[{"embeddable":true,"href":"https:\/\/bcu.zsab.krakow.pl\/index.php?rest_route=\/wp\/v2\/users\/2"}],"replies":[{"embeddable":true,"href":"https:\/\/bcu.zsab.krakow.pl\/index.php?rest_route=%2Fwp%2Fv2%2Fcomments&post=409"}],"version-history":[{"count":4,"href":"https:\/\/bcu.zsab.krakow.pl\/index.php?rest_route=\/wp\/v2\/pages\/409\/revisions"}],"predecessor-version":[{"id":598,"href":"https:\/\/bcu.zsab.krakow.pl\/index.php?rest_route=\/wp\/v2\/pages\/409\/revisions\/598"}],"wp:attachment":[{"href":"https:\/\/bcu.zsab.krakow.pl\/index.php?rest_route=%2Fwp%2Fv2%2Fmedia&parent=409"}],"curies":[{"name":"wp","href":"https:\/\/api.w.org\/{rel}","templated":true}]}}