{"id":411,"date":"2026-02-09T16:34:27","date_gmt":"2026-02-09T16:34:27","guid":{"rendered":"https:\/\/bcu.zsab.krakow.pl\/?page_id=411"},"modified":"2026-03-11T16:54:24","modified_gmt":"2026-03-11T16:54:24","slug":"pracownia-diagnozy-materialow-budowlanych","status":"publish","type":"page","link":"https:\/\/bcu.zsab.krakow.pl\/?page_id=411","title":{"rendered":"Pracownia analizy materia\u0142\u00f3w budowlanych"},"content":{"rendered":"\n<p>Pracownia analizy materia\u0142\u00f3w budowlanych to nowoczesne zaplecze badawcze, umo\u017cliwiaj\u0105ce\u00a0<strong>kompleksow\u0105 ocen\u0119 wybranych cech fizycznych i mechanicznych materia\u0142\u00f3w stosowanych w budownictwie<\/strong>. Dzi\u0119ki zaawansowanemu wyposa\u017ceniu laboratoryjnemu zapewniamy\u00a0<strong>precyzyjne, rzetelne i powtarzalne wyniki bada\u0144, zgodne z aktualnymi standardami technicznymi<\/strong>.<\/p>\n\n\n\n<p>\u200bW pracowni dost\u0119pne s\u0105 m.in. mikroskop stereoskopowy i metalograficzny,&nbsp;wilgotno\u015bciomierz,&nbsp;twardo\u015bciomierz oraz waga elektroniczna, pozwalaj\u0105ce na szczeg\u00f3\u0142ow\u0105 analiz\u0119 struktury i w\u0142a\u015bciwo\u015bci materia\u0142\u00f3w. Badania mieszanek betonowych realizowane s\u0105 z wykorzystaniem sto\u017cka opadowego Abramsa, aparatu do badania zawarto\u015bci powietrza w mieszance, automatycznego aparatu Vicata, laboratoryjnej mieszarki przeciwbie\u017cnej o pojemno\u015bci 60 litr\u00f3w oraz sto\u0142u do zag\u0119szczania pr\u00f3bek betonu.<\/p>\n\n\n\n<p>\u200bZakres bada\u0144 uzupe\u0142niaj\u0105 <strong>urz\u0105dzenia do oceny trwa\u0142o\u015bci i wytrzyma\u0142o\u015bci<\/strong>, takie jak m\u0142otek Schmidta, prasa wytrzyma\u0142o\u015bciowa, tarcza Boehmego do badania \u015bcieralno\u015bci, elektryczna wielokierunkowa wiertnica do poboru pr\u00f3bek betonowych, suszarka laboratoryjna oraz automatyczna komora do bada\u0144 mrozoodporno\u015bci.<\/p>\n\n\n\n<p>\u200bPracownia dysponuje r\u00f3wnie\u017c <strong>nowoczesnym sprz\u0119tem geodezyjnym i pomiarowym<\/strong>, w tym teodolitem elektronicznym, dalmierzem laserowym, poziomicami laserowymi i elektronicznymi, zestawem lasera krzy\u017cowego ze statywem i czujnikiem, \u0142atami niwelacyjnymi oraz szkicownikiem geodezyjnym, co umo\u017cliwia precyzyjne pomiary w warunkach laboratoryjnych i terenowych.<\/p>\n\n\n\n<p>\u200bCa\u0142o\u015b\u0107 dope\u0142niaj\u0105 <strong>ergonomiczne sto\u0142y laboratoryjne<\/strong>, zapewniaj\u0105ce komfort i bezpiecze\u0144stwo pracy. Tak zaawansowane wyposa\u017cenie pozwala nam realizowa\u0107 badania materia\u0142\u00f3w budowlanych na najwy\u017cszym poziomie \u2013 rzetelnie, dok\u0142adnie i z my\u015bl\u0105 o przysz\u0142ych realnych potrzebach projektowych i wykonawczych naszych kursant\u00f3w.<\/p>\n","protected":false},"excerpt":{"rendered":"<p>Pracownia analizy materia\u0142\u00f3w budowlanych to nowoczesne zaplecze badawcze, umo\u017cliwiaj\u0105ce\u00a0kompleksow\u0105 ocen\u0119 wybranych cech fizycznych i mechanicznych materia\u0142\u00f3w stosowanych w budownictwie. Dzi\u0119ki zaawansowanemu wyposa\u017ceniu laboratoryjnemu zapewniamy\u00a0precyzyjne, rzetelne i powtarzalne wyniki bada\u0144, zgodne z aktualnymi standardami technicznymi. \u200bW pracowni dost\u0119pne s\u0105 m.in. mikroskop stereoskopowy i metalograficzny,&nbsp;wilgotno\u015bciomierz,&nbsp;twardo\u015bciomierz oraz waga elektroniczna, pozwalaj\u0105ce na szczeg\u00f3\u0142ow\u0105 analiz\u0119 struktury i w\u0142a\u015bciwo\u015bci materia\u0142\u00f3w. Badania [&hellip;]<\/p>\n","protected":false},"author":2,"featured_media":0,"parent":0,"menu_order":0,"comment_status":"closed","ping_status":"closed","template":"","meta":{"footnotes":""},"class_list":["post-411","page","type-page","status-publish","hentry"],"blocksy_meta":[],"_links":{"self":[{"href":"https:\/\/bcu.zsab.krakow.pl\/index.php?rest_route=\/wp\/v2\/pages\/411","targetHints":{"allow":["GET"]}}],"collection":[{"href":"https:\/\/bcu.zsab.krakow.pl\/index.php?rest_route=\/wp\/v2\/pages"}],"about":[{"href":"https:\/\/bcu.zsab.krakow.pl\/index.php?rest_route=\/wp\/v2\/types\/page"}],"author":[{"embeddable":true,"href":"https:\/\/bcu.zsab.krakow.pl\/index.php?rest_route=\/wp\/v2\/users\/2"}],"replies":[{"embeddable":true,"href":"https:\/\/bcu.zsab.krakow.pl\/index.php?rest_route=%2Fwp%2Fv2%2Fcomments&post=411"}],"version-history":[{"count":4,"href":"https:\/\/bcu.zsab.krakow.pl\/index.php?rest_route=\/wp\/v2\/pages\/411\/revisions"}],"predecessor-version":[{"id":791,"href":"https:\/\/bcu.zsab.krakow.pl\/index.php?rest_route=\/wp\/v2\/pages\/411\/revisions\/791"}],"wp:attachment":[{"href":"https:\/\/bcu.zsab.krakow.pl\/index.php?rest_route=%2Fwp%2Fv2%2Fmedia&parent=411"}],"curies":[{"name":"wp","href":"https:\/\/api.w.org\/{rel}","templated":true}]}}