{"id":413,"date":"2026-02-09T16:34:56","date_gmt":"2026-02-09T16:34:56","guid":{"rendered":"https:\/\/bcu.zsab.krakow.pl\/?page_id=413"},"modified":"2026-02-09T16:54:03","modified_gmt":"2026-02-09T16:54:03","slug":"sala-szkoleniowo-konferencyjna","status":"publish","type":"page","link":"https:\/\/bcu.zsab.krakow.pl\/?page_id=413","title":{"rendered":"Sala wyk\u0142adowo-konferencyjna"},"content":{"rendered":"\n<p>Sala wyk\u0142adowo-konferencyjna\u00a0zlokalizowana jest w budynku szko\u0142y, mi\u0119dzy cz\u0119\u015bci\u0105 g\u0142\u00f3wn\u0105 obiektu a sal\u0105 gimnastyczn\u0105. To nowoczesne i wszechstronne pomieszczenie, przeznaczone do organizacji\u00a0<strong>wyk\u0142ad\u00f3w<\/strong>,\u00a0<strong>szkole\u0144<\/strong>,<strong>\u00a0konferencji\u00a0<\/strong>oraz<strong>\u00a0spotka\u0144 bran\u017cowych<\/strong>. Sala zosta\u0142a wyposa\u017cona w komfortowe sto\u0142y i krzes\u0142a, a tak\u017ce\u00a0<strong>zaawansowane urz\u0105dzenia audiowizualne i konferencyjne<\/strong>, w tym profesjonalne zestawy do t\u0142umacze\u0144 symultanicznych. Kompleksowe zaplecze techniczne zapewnia sprawn\u0105 organizacj\u0119 wydarze\u0144 oraz profesjonalne funkcjonowanie sali.<\/p>\n","protected":false},"excerpt":{"rendered":"<p>Sala wyk\u0142adowo-konferencyjna\u00a0zlokalizowana jest w budynku szko\u0142y, mi\u0119dzy cz\u0119\u015bci\u0105 g\u0142\u00f3wn\u0105 obiektu a sal\u0105 gimnastyczn\u0105. To nowoczesne i wszechstronne pomieszczenie, przeznaczone do organizacji\u00a0wyk\u0142ad\u00f3w,\u00a0szkole\u0144,\u00a0konferencji\u00a0oraz\u00a0spotka\u0144 bran\u017cowych. Sala zosta\u0142a wyposa\u017cona w komfortowe sto\u0142y i krzes\u0142a, a tak\u017ce\u00a0zaawansowane urz\u0105dzenia audiowizualne i konferencyjne, w tym profesjonalne zestawy do t\u0142umacze\u0144 symultanicznych. Kompleksowe zaplecze techniczne zapewnia sprawn\u0105 organizacj\u0119 wydarze\u0144 oraz profesjonalne funkcjonowanie sali.<\/p>\n","protected":false},"author":2,"featured_media":0,"parent":0,"menu_order":0,"comment_status":"closed","ping_status":"closed","template":"","meta":{"footnotes":""},"class_list":["post-413","page","type-page","status-publish","hentry"],"blocksy_meta":[],"_links":{"self":[{"href":"https:\/\/bcu.zsab.krakow.pl\/index.php?rest_route=\/wp\/v2\/pages\/413","targetHints":{"allow":["GET"]}}],"collection":[{"href":"https:\/\/bcu.zsab.krakow.pl\/index.php?rest_route=\/wp\/v2\/pages"}],"about":[{"href":"https:\/\/bcu.zsab.krakow.pl\/index.php?rest_route=\/wp\/v2\/types\/page"}],"author":[{"embeddable":true,"href":"https:\/\/bcu.zsab.krakow.pl\/index.php?rest_route=\/wp\/v2\/users\/2"}],"replies":[{"embeddable":true,"href":"https:\/\/bcu.zsab.krakow.pl\/index.php?rest_route=%2Fwp%2Fv2%2Fcomments&post=413"}],"version-history":[{"count":2,"href":"https:\/\/bcu.zsab.krakow.pl\/index.php?rest_route=\/wp\/v2\/pages\/413\/revisions"}],"predecessor-version":[{"id":475,"href":"https:\/\/bcu.zsab.krakow.pl\/index.php?rest_route=\/wp\/v2\/pages\/413\/revisions\/475"}],"wp:attachment":[{"href":"https:\/\/bcu.zsab.krakow.pl\/index.php?rest_route=%2Fwp%2Fv2%2Fmedia&parent=413"}],"curies":[{"name":"wp","href":"https:\/\/api.w.org\/{rel}","templated":true}]}}