{"id":415,"date":"2026-02-09T16:35:06","date_gmt":"2026-02-09T16:35:06","guid":{"rendered":"https:\/\/bcu.zsab.krakow.pl\/?page_id=415"},"modified":"2026-02-09T18:38:02","modified_gmt":"2026-02-09T18:38:02","slug":"strefa-relaksu","status":"publish","type":"page","link":"https:\/\/bcu.zsab.krakow.pl\/?page_id=415","title":{"rendered":"Strefa relaksu"},"content":{"rendered":"\n<p>Strefa relaksu\u00a0zlokalizowana jest na parterze w budynku szko\u0142y i stanowi\u00a0<strong>komfortow\u0105 przestrze\u0144 wypoczynkow\u0105 dedykowan\u0105 kursantom BCU<\/strong>. Zosta\u0142a zaprojektowana z my\u015bl\u0105 o regeneracji i chwili wytchnienia pomi\u0119dzy zaj\u0119ciami.\u00a0<strong>Starannie dobrane materia\u0142y<\/strong>,<strong>\u00a0harmonijna kolorystyka\u00a0<\/strong>oraz<strong>\u00a0obecno\u015b\u0107 \u017cywej zieleni<\/strong> tworz\u0105 przyjazn\u0105 atmosfer\u0119 sprzyjaj\u0105c\u0105 relaksowi i wyciszeniu. Strefa wyposa\u017cona jest m.in. w funkcjonalne rega\u0142y, stoliki oraz wygodne pufy do siedzenia zapewniaj\u0105ce\u00a0<strong>komfortowe u\u017cytkowanie\u00a0<\/strong>tej przestrzeni.<\/p>\n","protected":false},"excerpt":{"rendered":"<p>Strefa relaksu\u00a0zlokalizowana jest na parterze w budynku szko\u0142y i stanowi\u00a0komfortow\u0105 przestrze\u0144 wypoczynkow\u0105 dedykowan\u0105 kursantom BCU. Zosta\u0142a zaprojektowana z my\u015bl\u0105 o regeneracji i chwili wytchnienia pomi\u0119dzy zaj\u0119ciami.\u00a0Starannie dobrane materia\u0142y,\u00a0harmonijna kolorystyka\u00a0oraz\u00a0obecno\u015b\u0107 \u017cywej zieleni tworz\u0105 przyjazn\u0105 atmosfer\u0119 sprzyjaj\u0105c\u0105 relaksowi i wyciszeniu. Strefa wyposa\u017cona jest m.in. w funkcjonalne rega\u0142y, stoliki oraz wygodne pufy do siedzenia zapewniaj\u0105ce\u00a0komfortowe u\u017cytkowanie\u00a0tej przestrzeni.<\/p>\n","protected":false},"author":2,"featured_media":0,"parent":0,"menu_order":0,"comment_status":"closed","ping_status":"closed","template":"","meta":{"footnotes":""},"class_list":["post-415","page","type-page","status-publish","hentry"],"blocksy_meta":[],"_links":{"self":[{"href":"https:\/\/bcu.zsab.krakow.pl\/index.php?rest_route=\/wp\/v2\/pages\/415","targetHints":{"allow":["GET"]}}],"collection":[{"href":"https:\/\/bcu.zsab.krakow.pl\/index.php?rest_route=\/wp\/v2\/pages"}],"about":[{"href":"https:\/\/bcu.zsab.krakow.pl\/index.php?rest_route=\/wp\/v2\/types\/page"}],"author":[{"embeddable":true,"href":"https:\/\/bcu.zsab.krakow.pl\/index.php?rest_route=\/wp\/v2\/users\/2"}],"replies":[{"embeddable":true,"href":"https:\/\/bcu.zsab.krakow.pl\/index.php?rest_route=%2Fwp%2Fv2%2Fcomments&post=415"}],"version-history":[{"count":4,"href":"https:\/\/bcu.zsab.krakow.pl\/index.php?rest_route=\/wp\/v2\/pages\/415\/revisions"}],"predecessor-version":[{"id":524,"href":"https:\/\/bcu.zsab.krakow.pl\/index.php?rest_route=\/wp\/v2\/pages\/415\/revisions\/524"}],"wp:attachment":[{"href":"https:\/\/bcu.zsab.krakow.pl\/index.php?rest_route=%2Fwp%2Fv2%2Fmedia&parent=415"}],"curies":[{"name":"wp","href":"https:\/\/api.w.org\/{rel}","templated":true}]}}