{"id":432,"date":"2026-02-09T16:39:11","date_gmt":"2026-02-09T16:39:11","guid":{"rendered":"https:\/\/bcu.zsab.krakow.pl\/?page_id=432"},"modified":"2026-02-11T10:13:45","modified_gmt":"2026-02-11T10:13:45","slug":"baza-noclegowa","status":"publish","type":"page","link":"https:\/\/bcu.zsab.krakow.pl\/?page_id=432","title":{"rendered":"Baza noclegowa"},"content":{"rendered":"\n<p>Na czas realizacji szkole\u0144 kursanci BCU mog\u0105 skorzysta\u0107\u00a0<strong>z oferty gastronomicznej<\/strong>, a tak\u017ce z<strong>\u00a0bazy noclegowej<\/strong> zlokalizowanej w budynku internatu. W czasie roku szkolnego kursantom udost\u0119pniane s\u0105 miejsca noclegowe w Szkolnym Schronisku M\u0142odzie\u017cowym funkcjonuj\u0105cym w budynku internatu. Natomiast w czasie wakacji oraz ferii zimowych\u00a0\u2013\u00a0miejsca noclegowe bezpo\u015brednio w internacie.\u00a0<strong>Zakwaterowanie i wy\u017cywienie w czasie szkole\u0144 s\u0105 bezp\u0142atne<\/strong>.<\/p>\n","protected":false},"excerpt":{"rendered":"<p>Na czas realizacji szkole\u0144 kursanci BCU mog\u0105 skorzysta\u0107\u00a0z oferty gastronomicznej, a tak\u017ce z\u00a0bazy noclegowej zlokalizowanej w budynku internatu. W czasie roku szkolnego kursantom udost\u0119pniane s\u0105 miejsca noclegowe w Szkolnym Schronisku M\u0142odzie\u017cowym funkcjonuj\u0105cym w budynku internatu. Natomiast w czasie wakacji oraz ferii zimowych\u00a0\u2013\u00a0miejsca noclegowe bezpo\u015brednio w internacie.\u00a0Zakwaterowanie i wy\u017cywienie w czasie szkole\u0144 s\u0105 bezp\u0142atne.<\/p>\n","protected":false},"author":2,"featured_media":0,"parent":0,"menu_order":0,"comment_status":"closed","ping_status":"closed","template":"","meta":{"footnotes":""},"class_list":["post-432","page","type-page","status-publish","hentry"],"blocksy_meta":[],"_links":{"self":[{"href":"https:\/\/bcu.zsab.krakow.pl\/index.php?rest_route=\/wp\/v2\/pages\/432","targetHints":{"allow":["GET"]}}],"collection":[{"href":"https:\/\/bcu.zsab.krakow.pl\/index.php?rest_route=\/wp\/v2\/pages"}],"about":[{"href":"https:\/\/bcu.zsab.krakow.pl\/index.php?rest_route=\/wp\/v2\/types\/page"}],"author":[{"embeddable":true,"href":"https:\/\/bcu.zsab.krakow.pl\/index.php?rest_route=\/wp\/v2\/users\/2"}],"replies":[{"embeddable":true,"href":"https:\/\/bcu.zsab.krakow.pl\/index.php?rest_route=%2Fwp%2Fv2%2Fcomments&post=432"}],"version-history":[{"count":5,"href":"https:\/\/bcu.zsab.krakow.pl\/index.php?rest_route=\/wp\/v2\/pages\/432\/revisions"}],"predecessor-version":[{"id":587,"href":"https:\/\/bcu.zsab.krakow.pl\/index.php?rest_route=\/wp\/v2\/pages\/432\/revisions\/587"}],"wp:attachment":[{"href":"https:\/\/bcu.zsab.krakow.pl\/index.php?rest_route=%2Fwp%2Fv2%2Fmedia&parent=432"}],"curies":[{"name":"wp","href":"https:\/\/api.w.org\/{rel}","templated":true}]}}