{"id":434,"date":"2026-02-09T16:39:26","date_gmt":"2026-02-09T16:39:26","guid":{"rendered":"https:\/\/bcu.zsab.krakow.pl\/?page_id=434"},"modified":"2026-02-09T16:55:43","modified_gmt":"2026-02-09T16:55:43","slug":"dostepnosc-dla-osob-niepelnosprawnych","status":"publish","type":"page","link":"https:\/\/bcu.zsab.krakow.pl\/?page_id=434","title":{"rendered":"Dost\u0119pno\u015b\u0107 dla os\u00f3b niepe\u0142nosprawnych"},"content":{"rendered":"\n<p>\u200bW budynku g\u0142\u00f3wnym szko\u0142y wszystkie pracownie BCU zlokalizowane s\u0105 na poziomie parteru niskiego oraz parteru wysokiego. Dost\u0119p do parteru wysokiego zapewnia zewn\u0119trzna&nbsp;<strong>metalowa pochylnia<\/strong>, natomiast na parter niski, gdzie mie\u015bci si\u0119 sala wyk\u0142adowo-konferencyjna, prowadz\u0105 trzy zewn\u0119trzne stopnie wyposa\u017cone w&nbsp;<strong>stalowe tory jezdne<\/strong>. Na poziomie parteru wysokiego znajduje si\u0119&nbsp;<strong>toaleta przystosowana do potrzeb os\u00f3b niepe\u0142nosprawnych<\/strong>. W pomieszczeniach administracyjnych BCU zamontowano&nbsp;<strong>p\u0119tle indukcyjne<\/strong>.<\/p>\n\n\n\n<p>\u200bW odleg\u0142o\u015bci oko\u0142o 20 metr\u00f3w od budynku szko\u0142y usytuowany jest budynek internatu. Przej\u015bcie mi\u0119dzy budynkiem szko\u0142y a internatem odbywa si\u0119&nbsp;<strong>po p\u0142askiej, bezprogowej nawierzchni<\/strong>, dost\u0119pnej z poziomu terenu. Przy wej\u015bciu do g\u0142\u00f3wnego korytarza internatu znajduje si\u0119 kilka stopni prowadz\u0105cych na poziom parteru, kt\u00f3re mo\u017cna pokona\u0107 po&nbsp;<strong>torach jezdnych<\/strong>. Na parterze znajduje si\u0119&nbsp;<strong>toaleta przystosowana dla os\u00f3b niepe\u0142nosprawnych<\/strong>. Dost\u0119p do najni\u017cszego poziomu budynku internatu \u2013 do pracowni w przyziemiu \u2013 zapewnia&nbsp;<strong>dwubiegowa platforma schodowa<\/strong>.<\/p>\n","protected":false},"excerpt":{"rendered":"<p>\u200bW budynku g\u0142\u00f3wnym szko\u0142y wszystkie pracownie BCU zlokalizowane s\u0105 na poziomie parteru niskiego oraz parteru wysokiego. Dost\u0119p do parteru wysokiego zapewnia zewn\u0119trzna&nbsp;metalowa pochylnia, natomiast na parter niski, gdzie mie\u015bci si\u0119 sala wyk\u0142adowo-konferencyjna, prowadz\u0105 trzy zewn\u0119trzne stopnie wyposa\u017cone w&nbsp;stalowe tory jezdne. Na poziomie parteru wysokiego znajduje si\u0119&nbsp;toaleta przystosowana do potrzeb os\u00f3b niepe\u0142nosprawnych. W pomieszczeniach administracyjnych BCU [&hellip;]<\/p>\n","protected":false},"author":2,"featured_media":0,"parent":0,"menu_order":0,"comment_status":"closed","ping_status":"closed","template":"","meta":{"footnotes":""},"class_list":["post-434","page","type-page","status-publish","hentry"],"blocksy_meta":[],"_links":{"self":[{"href":"https:\/\/bcu.zsab.krakow.pl\/index.php?rest_route=\/wp\/v2\/pages\/434","targetHints":{"allow":["GET"]}}],"collection":[{"href":"https:\/\/bcu.zsab.krakow.pl\/index.php?rest_route=\/wp\/v2\/pages"}],"about":[{"href":"https:\/\/bcu.zsab.krakow.pl\/index.php?rest_route=\/wp\/v2\/types\/page"}],"author":[{"embeddable":true,"href":"https:\/\/bcu.zsab.krakow.pl\/index.php?rest_route=\/wp\/v2\/users\/2"}],"replies":[{"embeddable":true,"href":"https:\/\/bcu.zsab.krakow.pl\/index.php?rest_route=%2Fwp%2Fv2%2Fcomments&post=434"}],"version-history":[{"count":2,"href":"https:\/\/bcu.zsab.krakow.pl\/index.php?rest_route=\/wp\/v2\/pages\/434\/revisions"}],"predecessor-version":[{"id":477,"href":"https:\/\/bcu.zsab.krakow.pl\/index.php?rest_route=\/wp\/v2\/pages\/434\/revisions\/477"}],"wp:attachment":[{"href":"https:\/\/bcu.zsab.krakow.pl\/index.php?rest_route=%2Fwp%2Fv2%2Fmedia&parent=434"}],"curies":[{"name":"wp","href":"https:\/\/api.w.org\/{rel}","templated":true}]}}