{"id":441,"date":"2026-02-09T16:40:30","date_gmt":"2026-02-09T16:40:30","guid":{"rendered":"https:\/\/bcu.zsab.krakow.pl\/?page_id=441"},"modified":"2026-02-12T11:42:43","modified_gmt":"2026-02-12T11:42:43","slug":"platforma-info-zawodowe","status":"publish","type":"page","link":"https:\/\/bcu.zsab.krakow.pl\/?page_id=441","title":{"rendered":"Platforma INFOZAWODOWE"},"content":{"rendered":"\n<p><strong>\u015awiadomy wyb\u00f3r dalszej edukacji lub zawodu<\/strong>&nbsp;jest jednym z kluczowych element\u00f3w doradztwa zawodowego i ma istotny wp\u0142yw na przysz\u0142e funkcjonowanie absolwent\u00f3w na rynku pracy. Osoby podejmuj\u0105ce decyzje zgodnie ze swoimi zainteresowaniami, predyspozycjami i uzdolnieniami s\u0105&nbsp;<strong>bardziej zmotywowane do nauki, odczuwaj\u0105 wi\u0119ksz\u0105 satysfakcj\u0119 oraz lepiej radz\u0105 sobie w \u017cyciu zawodowym<\/strong>. Podstaw\u0105 takich wybor\u00f3w jest dost\u0119p do rzetelnej informacji o zawodach oraz mo\u017cliwo\u015bciach kszta\u0142cenia w systemie szkolnictwa bran\u017cowego.<\/p>\n\n\n\n<p>\u200bKompleksowe materia\u0142y w tym zakresie oferuje\u00a0<strong>portal INFOZAWODOWE<\/strong>, dost\u0119pny na platformie <a href=\"https:\/\/zpe.gov.pl\" data-type=\"link\" data-id=\"https:\/\/zpe.gov.pl\" target=\"_blank\" rel=\"noreferrer noopener\">epodreczniki<\/a><a href=\"http:\/\/epodreczniki.pl\" data-type=\"link\" data-id=\"epodreczniki.pl\">.pl<\/a> oraz pod adresem <a href=\"https:\/\/infozawodowe.men.gov.pl\" data-type=\"link\" data-id=\"https:\/\/infozawodowe.men.gov.pl\" target=\"_blank\" rel=\"noreferrer noopener\">infozawodowe.men.gov.pl<\/a>. Serwis prezentuje szczeg\u00f3\u0142owe informacje o zawodach szkolnictwa bran\u017cowego oraz udost\u0119pnia r\u00f3\u017cnorodne materia\u0142y edukacyjne, takie jak\u00a0<strong>opisy zawod\u00f3w, filmy zawodoznawcze, wirtualne spacery po miejscach pracy w technologii 360\u00b0 oraz interaktywne quizy<\/strong>\u00a0sprawdzaj\u0105ce wiedz\u0119.<\/p>\n\n\n\n<p>\u200bPortal INFOZAWODOWE wspiera r\u00f3wnie\u017c&nbsp;<strong>wsp\u00f3\u0142prac\u0119 szk\u00f3\u0142 prowadz\u0105cych kszta\u0142cenie zawodowe z pracodawcami<\/strong>&nbsp;oraz informuje o mo\u017cliwo\u015bciach uzupe\u0142niania i podnoszenia kwalifikacji przez uczni\u00f3w i osoby doros\u0142e.\u200bDla uczni\u00f3w i rodzic\u00f3w portal stanowi pomoc w podejmowaniu \u015bwiadomych decyzji zawodowych, oferuj\u0105c informacje o zawodach,&nbsp;<strong>prognozach zapotrzebowania na rynku pracy<\/strong>&nbsp;oraz szko\u0142ach kszta\u0142c\u0105cych zawodowo w poszczeg\u00f3lnych regionach. Szko\u0142y mog\u0105 wykorzystywa\u0107 zgromadzone materia\u0142y do organizowania praktycznej nauki zawodu i wsp\u00f3\u0142pracy z pracodawcami, natomiast pracodawcy zyskuj\u0105 mo\u017cliwo\u015b\u0107 publikowania ofert praktyk, sta\u017cy i pracy.<\/p>\n\n\n\n<p>\u200bPortal INFOZAWODOWE zosta\u0142 utworzony dzi\u0119ki wsp\u00f3\u0142finansowaniu ze \u015brodk\u00f3w Unii Europejskiej w ramach Europejskiego Funduszu Spo\u0142ecznego.<\/p>\n\n\n\n<p><\/p>\n","protected":false},"excerpt":{"rendered":"<p>\u015awiadomy wyb\u00f3r dalszej edukacji lub zawodu&nbsp;jest jednym z kluczowych element\u00f3w doradztwa zawodowego i ma istotny wp\u0142yw na przysz\u0142e funkcjonowanie absolwent\u00f3w na rynku pracy. Osoby podejmuj\u0105ce decyzje zgodnie ze swoimi zainteresowaniami, predyspozycjami i uzdolnieniami s\u0105&nbsp;bardziej zmotywowane do nauki, odczuwaj\u0105 wi\u0119ksz\u0105 satysfakcj\u0119 oraz lepiej radz\u0105 sobie w \u017cyciu zawodowym. Podstaw\u0105 takich wybor\u00f3w jest dost\u0119p do rzetelnej informacji [&hellip;]<\/p>\n","protected":false},"author":2,"featured_media":0,"parent":0,"menu_order":0,"comment_status":"closed","ping_status":"closed","template":"","meta":{"footnotes":""},"class_list":["post-441","page","type-page","status-publish","hentry"],"blocksy_meta":[],"_links":{"self":[{"href":"https:\/\/bcu.zsab.krakow.pl\/index.php?rest_route=\/wp\/v2\/pages\/441","targetHints":{"allow":["GET"]}}],"collection":[{"href":"https:\/\/bcu.zsab.krakow.pl\/index.php?rest_route=\/wp\/v2\/pages"}],"about":[{"href":"https:\/\/bcu.zsab.krakow.pl\/index.php?rest_route=\/wp\/v2\/types\/page"}],"author":[{"embeddable":true,"href":"https:\/\/bcu.zsab.krakow.pl\/index.php?rest_route=\/wp\/v2\/users\/2"}],"replies":[{"embeddable":true,"href":"https:\/\/bcu.zsab.krakow.pl\/index.php?rest_route=%2Fwp%2Fv2%2Fcomments&post=441"}],"version-history":[{"count":14,"href":"https:\/\/bcu.zsab.krakow.pl\/index.php?rest_route=\/wp\/v2\/pages\/441\/revisions"}],"predecessor-version":[{"id":606,"href":"https:\/\/bcu.zsab.krakow.pl\/index.php?rest_route=\/wp\/v2\/pages\/441\/revisions\/606"}],"wp:attachment":[{"href":"https:\/\/bcu.zsab.krakow.pl\/index.php?rest_route=%2Fwp%2Fv2%2Fmedia&parent=441"}],"curies":[{"name":"wp","href":"https:\/\/api.w.org\/{rel}","templated":true}]}}