{"id":483,"date":"2026-02-09T17:03:48","date_gmt":"2026-02-09T17:03:48","guid":{"rendered":"https:\/\/bcu.zsab.krakow.pl\/?page_id=483"},"modified":"2026-04-09T11:02:29","modified_gmt":"2026-04-09T11:02:29","slug":"wykwalifikowana-kadra","status":"publish","type":"page","link":"https:\/\/bcu.zsab.krakow.pl\/?page_id=483","title":{"rendered":"Kompetentna kadra"},"content":{"rendered":"\n<p><br>\u200bNasza&nbsp;wykwalifikowana&nbsp;kadra&nbsp;to&nbsp;eksperci&nbsp;z bogatym do\u015bwiadczeniem w bran\u017cy, kt\u00f3rzy na co dzie\u0144 dziel\u0105 si\u0119 swoj\u0105 wiedz\u0105 i umiej\u0119tno\u015bciami. Ka\u017cdy z naszych specjalist\u00f3w \u0142\u0105czy praktyczne kompetencje z pasj\u0105 do rozwoju zawodowego, gwarantuj\u0105c najwy\u017cszy standard szkole\u0144 i wsparcia dla naszych&nbsp;kursant\u00f3w.<\/p>\n\n\n\n<h2 class=\"wp-block-heading has-large-font-size\"><strong>dr Bo\u017cena Boba-Dyga<\/strong><\/h2>\n\n\n\n<p>Konserwatorka dzie\u0142 sztuki z 30+ lat do\u015bwiadczenia, specjalistka w ochronie architektury, autorka publikacji, wyk\u0142adowczyni i ekspertka, realizowa\u0142a setki projekt\u00f3w w Polsce<\/p>\n\n\n\n<h2 class=\"wp-block-heading has-large-font-size\"><strong>dr in\u017c. arch. Dominika D\u0142ugosz<\/strong><\/h2>\n\n\n\n<p>Architektka i adiunkt PK, specjalistka ochrony zabytk\u00f3w, by\u0142a zast\u0119pczyni konserwatora wojew\u00f3dzkiego, autorka publikacji i dokument\u00f3w strategicznych.<\/p>\n\n\n\n<h2 class=\"wp-block-heading has-large-font-size\"><strong>Jagoda Adamek<\/strong><\/h2>\n\n\n\n<p>Konserwatorka rze\u017aby, specjalistka w pracach przy zabytkach architektury i detalu, wykonuje badania, ekspertyzy i dokumentacje konserwatorskie.<\/p>\n\n\n\n<h2 class=\"wp-block-heading has-large-font-size\"><strong>Emil Piotrowski<\/strong><\/h2>\n\n\n\n<p>Ekspert o\u015bwietlenia i trener DIALux evo, prowadzi szkolenia i projekty, specjalizuje si\u0119 w optymalizacji i modelowaniu o\u015bwietlenia.<\/p>\n\n\n\n<h2 class=\"wp-block-heading has-large-font-size\"><strong>Konrad de Lehenstein-Filip<\/strong><\/h2>\n\n\n\n<p>Doradca o\u015bwietleniowy i szkoleniowiec, prowadzi warsztaty z projektowania system\u00f3w o\u015bwietlenia i doboru opraw.<\/p>\n\n\n\n<h2 class=\"wp-block-heading has-large-font-size\"><strong>Krzysztof Knapik<\/strong><\/h2>\n\n\n\n<p>Konstruktor i mened\u017cer BIM, tworzy standardy dla CPK, certyfikowany PRINCE2, trener Autodesk, specjalista zarz\u0105dzania projektami.<\/p>\n\n\n\n<h2 class=\"wp-block-heading has-large-font-size\"><strong>Wojciech J\u0119drosz<\/strong><\/h2>\n\n\n\n<p>Mened\u017cer BIM i architekt, trener ISO 19650 w BSI, ekspert zarz\u0105dzania informacj\u0105 projektow\u0105, szkoleniowiec Autodesk.<\/p>\n\n\n\n<h2 class=\"wp-block-heading has-large-font-size\"><strong>S\u0142awomir Dr\u0105\u017ckiewicz<\/strong><\/h2>\n\n\n\n<p>Informatyk przemys\u0142owy, specjalista IT i QA, tworzy strategie technologiczne, trener Autodesk z du\u017cym do\u015bwiadczeniem szkoleniowym.<\/p>\n\n\n\n<h2 class=\"wp-block-heading has-large-font-size\"><strong>Ewa Nowak-Depta<\/strong><\/h2>\n\n\n\n<p>Nauczycielka renowacji architektury, \u0142\u0105czy tradycyjne techniki z praktyk\u0105, przygotowuje uczni\u00f3w do zawodu i egzamin\u00f3w.<\/p>\n\n\n\n<h2 class=\"wp-block-heading has-large-font-size\"><strong>Piotr Pasternak<\/strong><\/h2>\n\n\n\n<p>Wicedyrektor CKZ, nauczyciel i egzaminator, prowadzi kursy zawodowe, dzieli si\u0119 do\u015bwiadczeniem w pracy dydaktycznej.<\/p>\n\n\n\n<h2 class=\"wp-block-heading has-large-font-size\"><strong>Pawe\u0142&nbsp;<\/strong><strong>Tylek<\/strong><\/h2>\n\n\n\n<p>Nauczyciel budownictwa z 20+ lat praktyki, przekazuje wiedz\u0119 zdobyt\u0105 na budowach i w projektowaniu.<\/p>\n\n\n\n<h2 class=\"wp-block-heading has-large-font-size\"><strong>Jan Duda<\/strong><\/h2>\n\n\n\n<p>Architekt z uprawnieniami, nauczyciel przedmiot\u00f3w zawodowych, uczy architektury i rysunku odr\u0119cznego.<\/p>\n","protected":false},"excerpt":{"rendered":"<p>\u200bNasza&nbsp;wykwalifikowana&nbsp;kadra&nbsp;to&nbsp;eksperci&nbsp;z bogatym do\u015bwiadczeniem w bran\u017cy, kt\u00f3rzy na co dzie\u0144 dziel\u0105 si\u0119 swoj\u0105 wiedz\u0105 i umiej\u0119tno\u015bciami. Ka\u017cdy z naszych specjalist\u00f3w \u0142\u0105czy praktyczne kompetencje z pasj\u0105 do rozwoju zawodowego, gwarantuj\u0105c najwy\u017cszy standard szkole\u0144 i wsparcia dla naszych&nbsp;kursant\u00f3w. dr Bo\u017cena Boba-Dyga Konserwatorka dzie\u0142 sztuki z 30+ lat do\u015bwiadczenia, specjalistka w ochronie architektury, autorka publikacji, wyk\u0142adowczyni i ekspertka, realizowa\u0142a [&hellip;]<\/p>\n","protected":false},"author":2,"featured_media":0,"parent":0,"menu_order":0,"comment_status":"closed","ping_status":"closed","template":"","meta":{"footnotes":""},"class_list":["post-483","page","type-page","status-publish","hentry"],"blocksy_meta":[],"_links":{"self":[{"href":"https:\/\/bcu.zsab.krakow.pl\/index.php?rest_route=\/wp\/v2\/pages\/483","targetHints":{"allow":["GET"]}}],"collection":[{"href":"https:\/\/bcu.zsab.krakow.pl\/index.php?rest_route=\/wp\/v2\/pages"}],"about":[{"href":"https:\/\/bcu.zsab.krakow.pl\/index.php?rest_route=\/wp\/v2\/types\/page"}],"author":[{"embeddable":true,"href":"https:\/\/bcu.zsab.krakow.pl\/index.php?rest_route=\/wp\/v2\/users\/2"}],"replies":[{"embeddable":true,"href":"https:\/\/bcu.zsab.krakow.pl\/index.php?rest_route=%2Fwp%2Fv2%2Fcomments&post=483"}],"version-history":[{"count":7,"href":"https:\/\/bcu.zsab.krakow.pl\/index.php?rest_route=\/wp\/v2\/pages\/483\/revisions"}],"predecessor-version":[{"id":994,"href":"https:\/\/bcu.zsab.krakow.pl\/index.php?rest_route=\/wp\/v2\/pages\/483\/revisions\/994"}],"wp:attachment":[{"href":"https:\/\/bcu.zsab.krakow.pl\/index.php?rest_route=%2Fwp%2Fv2%2Fmedia&parent=483"}],"curies":[{"name":"wp","href":"https:\/\/api.w.org\/{rel}","templated":true}]}}