{"id":486,"date":"2026-02-09T17:04:39","date_gmt":"2026-02-09T17:04:39","guid":{"rendered":"https:\/\/bcu.zsab.krakow.pl\/?page_id=486"},"modified":"2026-04-16T20:28:26","modified_gmt":"2026-04-16T20:28:26","slug":"oferta","status":"publish","type":"page","link":"https:\/\/bcu.zsab.krakow.pl\/?page_id=486","title":{"rendered":"Oferta"},"content":{"rendered":"\n<p class=\"has-text-align-center\"><strong>HARMONOGRAM SZKOLE\u0143<\/strong><br><strong>dla os\u00f3b do 24. roku \u017cycia<\/strong><\/p>\n\n\n\n<figure class=\"wp-block-table is-style-stripes\"><table style=\"border-width:14px\"><tbody><tr><td class=\"has-text-align-center\" data-align=\"center\"><strong>OZN.<\/strong><\/td><td class=\"has-text-align-left\" data-align=\"left\"><strong>NAZWA BRAN\u017bOWEGO SZKOLENIA ZAWODOWEGO<\/strong><\/td><td class=\"has-text-align-center\" data-align=\"center\"><strong>LICZBA OS\u00d3B<\/strong><\/td><td class=\"has-text-align-center\" data-align=\"center\"><strong>LICZBA GODZIN<\/strong><\/td><td class=\"has-text-align-center\" data-align=\"center\"><strong>TERMIN SZKOLENIA<\/strong><\/td><\/tr><tr><td class=\"has-text-align-center\" data-align=\"center\"><strong>Z-2<\/strong><\/td><td class=\"has-text-align-left\" data-align=\"left\"><strong><a href=\"https:\/\/bcu.zsab.krakow.pl\/?page_id=692\" data-type=\"link\" data-id=\"https:\/\/bcu.zsab.krakow.pl\/?page_id=692\" target=\"_blank\" rel=\"noreferrer noopener\">Rysunek odr\u0119czny z elementami historii sztuki<\/a><\/strong> (rekrutacja zako\u0144czona)<\/td><td class=\"has-text-align-center\" data-align=\"center\">12<\/td><td class=\"has-text-align-center\" data-align=\"center\">20<\/td><td class=\"has-text-align-center\" data-align=\"center\">01-29.04.2026\u00a0<\/td><\/tr><tr><td class=\"has-text-align-center\" data-align=\"center\"><strong>Z-4<\/strong><\/td><td class=\"has-text-align-left\" data-align=\"left\"><strong><a href=\"https:\/\/bcu.zsab.krakow.pl\/?page_id=701\" data-type=\"page\" data-id=\"701\" target=\"_blank\" rel=\"noreferrer noopener\">Zr\u00f3wnowa\u017cone o\u015bwietlenie w budownictwie i obiektach zabytkowych<\/a><\/strong> (rekrutacja zako\u0144czona)<\/td><td class=\"has-text-align-center\" data-align=\"center\">12<\/td><td class=\"has-text-align-center\" data-align=\"center\">16<\/td><td class=\"has-text-align-center\" data-align=\"center\">16-18.04.2026\u00a0<\/td><\/tr><tr><td class=\"has-text-align-center\" data-align=\"center\"><strong>Z-5<\/strong><\/td><td class=\"has-text-align-left\" data-align=\"left\"><a href=\"https:\/\/bcu.zsab.krakow.pl\/?page_id=704\" data-type=\"page\" data-id=\"704\" target=\"_blank\" rel=\"noreferrer noopener\"><strong>AutoCAD 2D \u2013 projektowanie, modelowanie i drukowanie 3D<\/strong>&nbsp;<\/a> (rekrutacja zako\u0144czona)<\/td><td class=\"has-text-align-center\" data-align=\"center\">12<\/td><td class=\"has-text-align-center\" data-align=\"center\">30<\/td><td class=\"has-text-align-center\" data-align=\"center\">09-16.05.2026\u00a0<\/td><\/tr><tr><td class=\"has-text-align-center\" data-align=\"center\"><strong>Z-5<\/strong><\/td><td class=\"has-text-align-left\" data-align=\"left\"><a href=\"https:\/\/bcu.zsab.krakow.pl\/?page_id=704\" data-type=\"page\" data-id=\"704\" target=\"_blank\" rel=\"noreferrer noopener\"><strong>AutoCAD 2D \u2013 projektowanie, modelowanie i drukowanie 3D<\/strong>&nbsp;<\/a> (rekrutacja zako\u0144czona)<\/td><td class=\"has-text-align-center\" data-align=\"center\">12<\/td><td class=\"has-text-align-center\" data-align=\"center\">30<\/td><td class=\"has-text-align-center\" data-align=\"center\">17-24.05.2026\u00a0\u00a0<\/td><\/tr><\/tbody><\/table><\/figure>\n","protected":false},"excerpt":{"rendered":"<p>HARMONOGRAM SZKOLE\u0143dla os\u00f3b do 24. roku \u017cycia OZN. NAZWA BRAN\u017bOWEGO SZKOLENIA ZAWODOWEGO LICZBA OS\u00d3B LICZBA GODZIN TERMIN SZKOLENIA Z-2 Rysunek odr\u0119czny z elementami historii sztuki (rekrutacja zako\u0144czona) 12 20 01-29.04.2026\u00a0 Z-4 Zr\u00f3wnowa\u017cone o\u015bwietlenie w budownictwie i obiektach zabytkowych (rekrutacja zako\u0144czona) 12 16 16-18.04.2026\u00a0 Z-5 AutoCAD 2D \u2013 projektowanie, modelowanie i drukowanie 3D&nbsp; (rekrutacja zako\u0144czona) 12 [&hellip;]<\/p>\n","protected":false},"author":2,"featured_media":0,"parent":0,"menu_order":0,"comment_status":"closed","ping_status":"closed","template":"","meta":{"footnotes":""},"class_list":["post-486","page","type-page","status-publish","hentry"],"blocksy_meta":[],"_links":{"self":[{"href":"https:\/\/bcu.zsab.krakow.pl\/index.php?rest_route=\/wp\/v2\/pages\/486","targetHints":{"allow":["GET"]}}],"collection":[{"href":"https:\/\/bcu.zsab.krakow.pl\/index.php?rest_route=\/wp\/v2\/pages"}],"about":[{"href":"https:\/\/bcu.zsab.krakow.pl\/index.php?rest_route=\/wp\/v2\/types\/page"}],"author":[{"embeddable":true,"href":"https:\/\/bcu.zsab.krakow.pl\/index.php?rest_route=\/wp\/v2\/users\/2"}],"replies":[{"embeddable":true,"href":"https:\/\/bcu.zsab.krakow.pl\/index.php?rest_route=%2Fwp%2Fv2%2Fcomments&post=486"}],"version-history":[{"count":21,"href":"https:\/\/bcu.zsab.krakow.pl\/index.php?rest_route=\/wp\/v2\/pages\/486\/revisions"}],"predecessor-version":[{"id":1019,"href":"https:\/\/bcu.zsab.krakow.pl\/index.php?rest_route=\/wp\/v2\/pages\/486\/revisions\/1019"}],"wp:attachment":[{"href":"https:\/\/bcu.zsab.krakow.pl\/index.php?rest_route=%2Fwp%2Fv2%2Fmedia&parent=486"}],"curies":[{"name":"wp","href":"https:\/\/api.w.org\/{rel}","templated":true}]}}