{"id":568,"date":"2026-02-10T10:45:47","date_gmt":"2026-02-10T10:45:47","guid":{"rendered":"https:\/\/bcu.zsab.krakow.pl\/?page_id=568"},"modified":"2026-04-07T21:23:51","modified_gmt":"2026-04-07T21:23:51","slug":"deklaracja-dostepnosci","status":"publish","type":"page","link":"https:\/\/bcu.zsab.krakow.pl\/?page_id=568","title":{"rendered":"Deklaracja dost\u0119pno\u015bci"},"content":{"rendered":"\n<p>Bran\u017cowe Centrum Umiej\u0119tno\u015bci nr 1 w Krakowie zobowi\u0105zuje si\u0119 zapewni\u0107 dost\u0119pno\u015b\u0107 swojej strony internetowej zgodnie z&nbsp;ustaw\u0105 z dnia 4 kwietnia 2019&nbsp;r. o dost\u0119pno\u015bci cyfrowej stron internetowych i aplikacji mobilnych podmiot\u00f3w publicznych.<\/p>\n\n\n\n<p>Niniejsze o\u015bwiadczenie w sprawie dost\u0119pno\u015bci ma zastosowanie do strony internetowej&nbsp;<a href=\"https:\/\/bcu.zsab.krakow.pl\">https:\/\/bcu.zsab.krakow.pl<\/a><\/p>\n\n\n\n<p>Data publikacji strony internetowej: 02.02.2026 r.<br>Data ostatniej aktualizacji: 30.03.2026 r.<\/p>\n\n\n\n<pre class=\"wp-block-code has-large-font-size\"><code><strong>Status pod wzgl\u0119dem zgodno\u015bci z ustaw\u0105<\/strong><\/code><\/pre>\n\n\n\n<ol class=\"wp-block-list\">\n<li>Strona internetowa jest&nbsp;<strong>cz\u0119\u015bciowo zgodna<\/strong>&nbsp;z ustaw\u0105 z dnia 4 kwietnia 2019 r. o dost\u0119pno\u015bci cyfrowej stron internetowych i aplikacji mobilnych podmiot\u00f3w publicznych.<\/li>\n<\/ol>\n\n\n\n<p>Mog\u0105 zdarzy\u0107 si\u0119 sytuacje, \u017ce pomimo stara\u0144 redaktor\u00f3w serwisu pewne dokumenty opublikowane na stronie s\u0105 niedost\u0119pne z uwagi na fakt, \u017ce:<\/p>\n\n\n\n<ul class=\"wp-block-list\">\n<li>opublikowane zosta\u0142y w oparciu o inne przyj\u0119te zasady w instytucjach,<\/li>\n\n\n\n<li>posiadaj\u0105 struktur\u0119 w kt\u00f3rej nie ma mo\u017cliwo\u015bci ingerowania,<\/li>\n\n\n\n<li>pochodz\u0105 z r\u00f3\u017cnych \u017ar\u00f3de\u0142.<\/li>\n<\/ul>\n\n\n\n<ol start=\"2\" class=\"wp-block-list\">\n<li>Niekt\u00f3re zamieszczone filmy mog\u0105 nie posiada\u0107 napis\u00f3w czy innych wymaganych element\u00f3w z uwagi na fakt, \u017ce zosta\u0142y zamieszczone przed wej\u015bciem w \u017cycie ustawy o dost\u0119pno\u015bci cyfrowej. Filmy nie posiadaj\u0105 napis\u00f3w dla os\u00f3b nies\u0142ysz\u0105cych.<\/li>\n\n\n\n<li>Dokumenty w PDF nie s\u0105 dokumentami edytowalnymi.<\/li>\n\n\n\n<li>Cze\u015b\u0107 plik\u00f3w nie jest dost\u0119pna cyfrowo.<\/li>\n<\/ol>\n\n\n\n<pre class=\"wp-block-code has-large-font-size\"><code><strong>Data sporz\u0105dzenia Deklaracji i metoda oceny dost\u0119pno\u015bci cyfrowej<\/strong><\/code><\/pre>\n\n\n\n<p>Niniejsze o\u015bwiadczenie sporz\u0105dzono dnia 02.02.2026 r.<br>Data ostatniego przegl\u0105du deklaracji: 30.03.2026\u00a0r.<\/p>\n\n\n\n<p>Deklaracj\u0119 sporz\u0105dzono na podstawie samooceny przeprowadzonej przez pracownika Zespo\u0142u Szk\u00f3\u0142 Architektoniczno-Budowlanych w Krakowie.<\/p>\n\n\n\n<pre class=\"wp-block-code has-large-font-size\"><code><strong>Skr\u00f3ty klawiszowe<\/strong><\/code><\/pre>\n\n\n\n<p>Strona internetowa nie posiada niestandardowych skr\u00f3t\u00f3w klawiszowych. Mo\u017cna u\u017cywa\u0107 standardowych skr\u00f3t\u00f3w klawiaturowych oferowanych przez przegl\u0105darki internetowe.<br><br><\/p>\n\n\n\n<pre class=\"wp-block-code has-large-font-size\"><code><strong>Informacje zwrotne i dane kontaktowe<\/strong><\/code><\/pre>\n\n\n\n<p>Wszelkie problemy z\u00a0dost\u0119pno\u015bci\u0105 cyfrow\u0105 tej\u00a0strony internetowej mo\u017cesz zg\u0142osi\u0107 do\u00a0Sekretariatu mailowo:\u00a0<a href=\"mailto:zsab@mjo.krakow.pl\">BCU@zsab.krakow.pl<\/a>\u00a0lub skontaktowa\u0107 si\u0119 z sekretariatem pod nr tel. +48 12 265 11 65.<\/p>\n\n\n\n<pre class=\"wp-block-code has-large-font-size\"><code><strong>Informacje na temat procedury<\/strong><\/code><\/pre>\n\n\n\n<p>Ka\u017cdy ma&nbsp;prawo wyst\u0105pi\u0107 z&nbsp;\u017c\u0105daniem zapewnienia dost\u0119pno\u015bci cyfrowej tej&nbsp;strony internetowej lub jej element\u00f3w.<\/p>\n\n\n\n<p>Zg\u0142aszaj\u0105c takie \u017c\u0105danie, podaj:<\/p>\n\n\n\n<ul class=\"wp-block-list\">\n<li>twoje\u00a0dane kontaktowe (np.\u00a0numer telefonu, e-mail),<\/li>\n\n\n\n<li>dok\u0142adny adres strony internetowej, na\u00a0kt\u00f3rej\u00a0jest niedost\u0119pny cyfrowo element lub tre\u015b\u0107,<\/li>\n\n\n\n<li>opis problemu i\u00a0preferowany spos\u00f3b jego rozwi\u0105zania.<\/li>\n<\/ul>\n\n\n\n<p>Na&nbsp;Twoje&nbsp;zg\u0142oszenie odpowiemy najszybciej jak to&nbsp;mo\u017cliwe, nie&nbsp;p\u00f3\u017aniej ni\u017c w&nbsp;ci\u0105gu 7 dni od&nbsp;jego otrzymania. Je\u015bli ten termin b\u0119dzie dla nas zbyt kr\u00f3tki, poinformujemy Ci\u0119 o&nbsp;tym i&nbsp;podamy nowy termin, nie&nbsp;d\u0142u\u017cszy ni\u017c 2 miesi\u0105ce. Je\u015bli nie b\u0119dziemy w stanie zapewni\u0107 dost\u0119pno\u015bci cyfrowej, zaproponujemy alternatywny spos\u00f3b dost\u0119pu.<\/p>\n\n\n\n<p>Je\u015bli w odpowiedzi na Tw\u00f3j wniosek o zapewnienie dost\u0119pno\u015bci cyfrowej odm\u00f3wimy realizacji \u017c\u0105dania lub nie zgodzisz si\u0119 na zaproponowany alternatywny spos\u00f3b dost\u0119pu, mo\u017cesz z\u0142o\u017cy\u0107 skarg\u0119.<\/p>\n\n\n\n<p>Skarg\u0119 mo\u017cesz z\u0142o\u017cy\u0107 do\u00a0sekretariatu Bran\u017cowego Centrum Umiej\u0119tno\u015bci nr 1 w Krakowie:<\/p>\n\n\n\n<ul class=\"wp-block-list\">\n<li>listownie: ul. J. Szablowskiego 1c, 30-127 Krak\u00f3w,<\/li>\n\n\n\n<li>mailowo:\u00a0<a href=\"mailto:zsab@mjo.krakow.pl\"><strong>BCU@zsab.krakow.pl<\/strong><\/a><\/li>\n<\/ul>\n\n\n\n<p>Po&nbsp;wyczerpaniu procedury mo\u017cesz z\u0142o\u017cy\u0107 wniosek do&nbsp;<a href=\"https:\/\/www.rpo.gov.pl\/content\/jak-zglosic-sie-do-rzecznika-praw-obywatelskich\">Rzecznika Praw Obywatelskich<\/a>.<\/p>\n\n\n\n<pre class=\"wp-block-code has-large-font-size\"><code><strong>Dost\u0119pno\u015b\u0107 architektoniczna<\/strong><\/code><\/pre>\n\n\n\n<p>W budynku g\u0142\u00f3wnym szko\u0142y wszystkie pracownie BCU zlokalizowane s\u0105 na poziomie parteru niskiego oraz parteru wysokiego. Dost\u0119p do parteru wysokiego zapewnia zewn\u0119trzna&nbsp;<strong>metalowa pochylnia<\/strong>, natomiast na parter niski, gdzie mie\u015bci si\u0119 sala wyk\u0142adowo-konferencyjna, prowadz\u0105 trzy zewn\u0119trzne stopnie wyposa\u017cone w&nbsp;<strong>stalowe tory jezdne<\/strong>. Na poziomie parteru wysokiego znajduje si\u0119&nbsp;<strong>toaleta przystosowana do potrzeb os\u00f3b niepe\u0142nosprawnych<\/strong>. W pomieszczeniach administracyjnych BCU zamontowano&nbsp;<strong>p\u0119tle indukcyjne<\/strong>.<\/p>\n\n\n\n<p>\u200bW odleg\u0142o\u015bci oko\u0142o 20 metr\u00f3w od budynku szko\u0142y usytuowany jest budynek internatu. Przej\u015bcie mi\u0119dzy budynkiem szko\u0142y a internatem odbywa si\u0119&nbsp;<strong>po p\u0142askiej, bezprogowej nawierzchni<\/strong>, dost\u0119pnej z poziomu terenu. Przy wej\u015bciu do g\u0142\u00f3wnego korytarza internatu znajduje si\u0119 kilka stopni prowadz\u0105cych na poziom parteru, kt\u00f3re mo\u017cna pokona\u0107 po&nbsp;<strong>torach jezdnych<\/strong>. Na parterze znajduje si\u0119&nbsp;<strong>toaleta przystosowana dla os\u00f3b niepe\u0142nosprawnych<\/strong>. Dost\u0119p do najni\u017cszego poziomu budynku internatu \u2013 do pracowni w przyziemiu \u2013 zapewnia&nbsp;<strong>dwubiegowa platforma schodowa<\/strong>.<\/p>\n\n\n\n<pre class=\"wp-block-code has-large-font-size\"><code><strong>Pozosta\u0142e informacje<\/strong><\/code><\/pre>\n\n\n\n<h6 class=\"wp-block-heading\">Aplikacje mobilne<\/h6>\n\n\n\n<p>Zesp\u00f3\u0142 Szk\u00f3\u0142 Architektoniczno-Budowlanych w&nbsp;Krakowie nie&nbsp;udost\u0119pnia aplikacji mobilnych.<\/p>\n","protected":false},"excerpt":{"rendered":"<p>Bran\u017cowe Centrum Umiej\u0119tno\u015bci nr 1 w Krakowie zobowi\u0105zuje si\u0119 zapewni\u0107 dost\u0119pno\u015b\u0107 swojej strony internetowej zgodnie z&nbsp;ustaw\u0105 z dnia 4 kwietnia 2019&nbsp;r. o dost\u0119pno\u015bci cyfrowej stron internetowych i aplikacji mobilnych podmiot\u00f3w publicznych. Niniejsze o\u015bwiadczenie w sprawie dost\u0119pno\u015bci ma zastosowanie do strony internetowej&nbsp;https:\/\/bcu.zsab.krakow.pl Data publikacji strony internetowej: 02.02.2026 r.Data ostatniej aktualizacji: 30.03.2026 r. Mog\u0105 zdarzy\u0107 si\u0119 sytuacje, [&hellip;]<\/p>\n","protected":false},"author":2,"featured_media":0,"parent":0,"menu_order":0,"comment_status":"closed","ping_status":"closed","template":"","meta":{"footnotes":""},"class_list":["post-568","page","type-page","status-publish","hentry"],"blocksy_meta":[],"_links":{"self":[{"href":"https:\/\/bcu.zsab.krakow.pl\/index.php?rest_route=\/wp\/v2\/pages\/568","targetHints":{"allow":["GET"]}}],"collection":[{"href":"https:\/\/bcu.zsab.krakow.pl\/index.php?rest_route=\/wp\/v2\/pages"}],"about":[{"href":"https:\/\/bcu.zsab.krakow.pl\/index.php?rest_route=\/wp\/v2\/types\/page"}],"author":[{"embeddable":true,"href":"https:\/\/bcu.zsab.krakow.pl\/index.php?rest_route=\/wp\/v2\/users\/2"}],"replies":[{"embeddable":true,"href":"https:\/\/bcu.zsab.krakow.pl\/index.php?rest_route=%2Fwp%2Fv2%2Fcomments&post=568"}],"version-history":[{"count":5,"href":"https:\/\/bcu.zsab.krakow.pl\/index.php?rest_route=\/wp\/v2\/pages\/568\/revisions"}],"predecessor-version":[{"id":991,"href":"https:\/\/bcu.zsab.krakow.pl\/index.php?rest_route=\/wp\/v2\/pages\/568\/revisions\/991"}],"wp:attachment":[{"href":"https:\/\/bcu.zsab.krakow.pl\/index.php?rest_route=%2Fwp%2Fv2%2Fmedia&parent=568"}],"curies":[{"name":"wp","href":"https:\/\/api.w.org\/{rel}","templated":true}]}}