{"id":692,"date":"2026-02-22T10:39:06","date_gmt":"2026-02-22T10:39:06","guid":{"rendered":"https:\/\/bcu.zsab.krakow.pl\/?page_id=692"},"modified":"2026-03-17T18:17:06","modified_gmt":"2026-03-17T18:17:06","slug":"z-2-rysunek-odreczny-z-elementami-historii-sztuki","status":"publish","type":"page","link":"https:\/\/bcu.zsab.krakow.pl\/?page_id=692","title":{"rendered":"Z-2: Rysunek odr\u0119czny z elementami historii sztuki"},"content":{"rendered":"\n<h2 class=\"wp-block-heading\">Z-2: Rysunek odr\u0119czny z elementami historii sztuki<\/h2>\n\n\n\n<figure class=\"wp-block-table is-style-stripes\"><table style=\"border-width:15px\"><tbody><tr><td><strong>Grupa docelowa<\/strong><\/td><td>Osoby ucz\u0105ce si\u0119 (uczniowie lub studenci), do 24. roku \u017cycia, uczniowie szk\u00f3\u0142 bran\u017cowych i technik\u00f3w posiadaj\u0105cy podstawow\u0105 wiedz\u0119 z zakresu obs\u0142ugi komputera.<\/td><\/tr><tr><td><strong>Wymagania wst\u0119pne<\/strong><strong><br><\/strong><strong>dla kandydat\u00f3w<\/strong><\/td><td>\u2022&nbsp;Wiek: 14-24 lat<br>\u2022&nbsp;Status ucznia lub studenta<br>\u2022&nbsp;Ch\u0119\u0107 do nauki<\/td><\/tr><tr><td><strong>Liczba godzin<\/strong><\/td><td>20 h<\/td><\/tr><tr><td><strong>Oczekiwane efekty kszta\u0142cenia&nbsp;<\/strong>(wiedza lub umiej\u0119tno\u015bci zawodowe w zakresie dziedziny zawodowej, przydatne do wykonywania zawodu)<\/td><td><strong>Na tym szkoleniu nauczysz si\u0119:<\/strong><br>\u2022&nbsp;rozpoznawa\u0107 style i cechy charakterystyczne architektury poszczeg\u00f3lnych epok<br>\u2022&nbsp;wykonywa\u0107 rysunki odr\u0119czne detali architektonicznych z zachowaniem proporcji, \u015bwiat\u0142ocienia i perspektywy<br>\u2022&nbsp;wykorzystywa\u0107 wiedz\u0119 z historii sztuki w praktyce projektowej<br>\u2022&nbsp;wykorzystywa\u0107 narz\u0119dzia graficzne w procesie projektowym, tj. programy do modelowania 3D<br>\u2022&nbsp;zasad projektowania ekologicznego i zr\u00f3wnowa\u017conego<br>\u2022&nbsp;dostrzega\u0107 relacji mi\u0119dzy architektur\u0105 a \u015brodowiskiem naturalnym<\/td><\/tr><tr><td><strong>Spos\u00f3b i forma<\/strong><strong><br><\/strong><strong>przeprowadzenia egzaminu<\/strong><\/td><td>Egzamin praktyczny ma form\u0119 rysunku odr\u0119cznego. Zadaniem zdaj\u0105cego jest narysowa\u0107 obiekt lub detal w odpowiednim stylu historycznym. Element historyczny mo\u017ce by\u0107 wariacj\u0105 lub elementem wkomponowanym w nowoczesny kontekst przestrzenny. Zdaj\u0105cy wykonuje rysunek z pami\u0119ci w technice monochromatycznej lub w kolorze. Zadanie sprawdza nabyte umiej\u0119tno\u015bci rysunkowe oraz podstawow\u0105 wiedz\u0119 historyczn\u0105 z zakresu historii sztuki i architektury.<\/td><\/tr><tr><td><strong>Certyfikat\/za\u015bwiadczenie po uko\u0144czeniu szkolenia<\/strong><\/td><td><strong>Bran\u017cowy Certyfikat Umiej\u0119tno\u015bci Zawodowych<\/strong><\/td><\/tr><tr><td><strong>Pe\u0142ny opis szkolenia<\/strong><\/td><td>Celem szkolenia jest rozwijanie umiej\u0119tno\u015bci rysunku odr\u0119cznego jako podstawowego narz\u0119dzia pracy architekta, projektanta i artysty. Szkolenie zosta\u0142o przygotowane z my\u015bl\u0105 o uczniach przygotowuj\u0105cych si\u0119 do matury z historii sztuki oraz o osobach pragn\u0105cych doskonali\u0107 warsztat rysunkowy i poszerza\u0107 wiedz\u0119 z zakresu projektowania. Uczestnicy szkolenia b\u0119d\u0105 kszta\u0142towa\u0107 \u015bwiadomo\u015b\u0107 estetyczn\u0105 oraz pog\u0142\u0119bia\u0107 rozumienie rozwoju form architektonicznych na przestrzeni dziej\u00f3w. Poznaj\u0105 rol\u0119 tradycji i historii sztuki w projektowaniu wsp\u00f3\u0142czesnym, ze szczeg\u00f3lnym uwzgl\u0119dnieniem zagadnie\u0144 zr\u00f3wnowa\u017conego rozwoju i ekologii. Uczestnicy szkolenia naucz\u0105 si\u0119 dostrzega\u0107 relacje mi\u0119dzy architektur\u0105 a \u015brodowiskiem naturalnym. Szkolenie umo\u017cliwi tak\u017ce rozw\u00f3j kompetencji cyfrowych poprzez wykorzystanie narz\u0119dzi graficznych, w tym program\u00f3w do modelowania 3D wspomagaj\u0105cych proces projektowy.&nbsp;<br><br><strong>Cz\u0119\u015b\u0107 teoretyczna<\/strong><br>Wyk\u0142ady wprowadzaj\u0105ce zapoznaj\u0105 uczestnik\u00f3w szkolenia z podstawowymi zagadnieniami z zakresu analizy dzie\u0142 sztuki poprzez ich przegl\u0105d i interpretacj\u0119, co pozwoli lepiej zrozumie\u0107 rozw\u00f3j sztuki oraz jej wp\u0142yw na kultur\u0119. Om\u00f3wienie epok i styl\u00f3w przybli\u017cy wiedz\u0119 na temat r\u00f3\u017cnych okres\u00f3w historycznych, takich jak renesans, barok czy nowoczesno\u015b\u0107, a tak\u017ce ich znaczenie w sztuce. Uczestnicy szkolenia poznaj\u0105 r\u00f3wnie\u017c biografie wybranych artyst\u00f3w oraz ich wp\u0142yw na rozw\u00f3j poszczeg\u00f3lnych nurt\u00f3w artystycznych. Dodatkowo szkolenie obejmuje wprowadzenie do zasad instalacji oraz aktualizacji oprogramowania.<br><br><strong>Cz\u0119\u015b\u0107 praktyczna<\/strong><br>Uczestnicy szkolenia b\u0119d\u0105 pracowa\u0107 w zespo\u0142ach jedno- lub dwuosobowych. \u0106wiczenia praktyczne z rysunku odr\u0119cznego oraz komputerowego modelowania 3D b\u0119d\u0105 realizowane zar\u00f3wno w pracowni, jak i w plenerze. Program przewiduje mo\u017cliwo\u015b\u0107 indywidualnych konsultacji, kt\u00f3re pozwol\u0105 dostosowa\u0107 poziom trudno\u015bci zada\u0144 do umiej\u0119tno\u015bci poszczeg\u00f3lnych uczestnik\u00f3w szkolenia. Uczestnicy szkolenia naucz\u0105 si\u0119 rozpoznawa\u0107 style i cechy charakterystyczne architektury poszczeg\u00f3lnych epok oraz analizowa\u0107 przyk\u0142ady z r\u00f3\u017cnych okres\u00f3w z wykorzystaniem materia\u0142\u00f3w multimedialnych. Zdobyt\u0105 wiedz\u0119 z zakresu historii sztuki b\u0119d\u0105 potrafili zastosowa\u0107 w praktyce projektowej. Opanuj\u0105 tak\u017ce umiej\u0119tno\u015b\u0107 wykonania odr\u0119cznego rysunku detalu architektonicznego z zachowaniem w\u0142a\u015bciwych proporcji, \u015bwiat\u0142ocienia i perspektywy.<\/td><\/tr><\/tbody><\/table><\/figure>\n\n\n\n<figure class=\"wp-block-image alignwide size-large\"><img loading=\"lazy\" decoding=\"async\" width=\"1024\" height=\"724\" src=\"https:\/\/bcu.zsab.krakow.pl\/wp-content\/uploads\/2026\/03\/1-1-1024x724.png\" alt=\"\" class=\"wp-image-862\" srcset=\"https:\/\/bcu.zsab.krakow.pl\/wp-content\/uploads\/2026\/03\/1-1-1024x724.png 1024w, https:\/\/bcu.zsab.krakow.pl\/wp-content\/uploads\/2026\/03\/1-1-300x212.png 300w, https:\/\/bcu.zsab.krakow.pl\/wp-content\/uploads\/2026\/03\/1-1-768x543.png 768w, https:\/\/bcu.zsab.krakow.pl\/wp-content\/uploads\/2026\/03\/1-1-1536x1086.png 1536w, https:\/\/bcu.zsab.krakow.pl\/wp-content\/uploads\/2026\/03\/1-1.png 2000w\" sizes=\"auto, (max-width: 1024px) 100vw, 1024px\" \/><\/figure>\n","protected":false},"excerpt":{"rendered":"<p>Z-2: Rysunek odr\u0119czny z elementami historii sztuki Grupa docelowa Osoby ucz\u0105ce si\u0119 (uczniowie lub studenci), do 24. roku \u017cycia, uczniowie szk\u00f3\u0142 bran\u017cowych i technik\u00f3w posiadaj\u0105cy podstawow\u0105 wiedz\u0119 z zakresu obs\u0142ugi komputera. Wymagania wst\u0119pnedla kandydat\u00f3w \u2022&nbsp;Wiek: 14-24 lat\u2022&nbsp;Status ucznia lub studenta\u2022&nbsp;Ch\u0119\u0107 do nauki Liczba godzin 20 h Oczekiwane efekty kszta\u0142cenia&nbsp;(wiedza lub umiej\u0119tno\u015bci zawodowe w zakresie dziedziny [&hellip;]<\/p>\n","protected":false},"author":2,"featured_media":0,"parent":0,"menu_order":0,"comment_status":"closed","ping_status":"closed","template":"","meta":{"footnotes":""},"class_list":["post-692","page","type-page","status-publish","hentry"],"blocksy_meta":[],"_links":{"self":[{"href":"https:\/\/bcu.zsab.krakow.pl\/index.php?rest_route=\/wp\/v2\/pages\/692","targetHints":{"allow":["GET"]}}],"collection":[{"href":"https:\/\/bcu.zsab.krakow.pl\/index.php?rest_route=\/wp\/v2\/pages"}],"about":[{"href":"https:\/\/bcu.zsab.krakow.pl\/index.php?rest_route=\/wp\/v2\/types\/page"}],"author":[{"embeddable":true,"href":"https:\/\/bcu.zsab.krakow.pl\/index.php?rest_route=\/wp\/v2\/users\/2"}],"replies":[{"embeddable":true,"href":"https:\/\/bcu.zsab.krakow.pl\/index.php?rest_route=%2Fwp%2Fv2%2Fcomments&post=692"}],"version-history":[{"count":6,"href":"https:\/\/bcu.zsab.krakow.pl\/index.php?rest_route=\/wp\/v2\/pages\/692\/revisions"}],"predecessor-version":[{"id":864,"href":"https:\/\/bcu.zsab.krakow.pl\/index.php?rest_route=\/wp\/v2\/pages\/692\/revisions\/864"}],"wp:attachment":[{"href":"https:\/\/bcu.zsab.krakow.pl\/index.php?rest_route=%2Fwp%2Fv2%2Fmedia&parent=692"}],"curies":[{"name":"wp","href":"https:\/\/api.w.org\/{rel}","templated":true}]}}