{"id":704,"date":"2026-02-22T10:53:47","date_gmt":"2026-02-22T10:53:47","guid":{"rendered":"https:\/\/bcu.zsab.krakow.pl\/?page_id=704"},"modified":"2026-03-17T18:19:20","modified_gmt":"2026-03-17T18:19:20","slug":"z-5-autocad-2d-projektowanie-modelowanie-i-drukowanie-3d","status":"publish","type":"page","link":"https:\/\/bcu.zsab.krakow.pl\/?page_id=704","title":{"rendered":"Z-5: AutoCAD 2D \u2013 projektowanie, modelowanie i drukowanie 3D"},"content":{"rendered":"\n<h2 class=\"wp-block-heading\">Z-5: AutoCAD 2D \u2013 projektowanie, modelowanie i drukowanie 3D<\/h2>\n\n\n\n<figure class=\"wp-block-table is-style-stripes\"><table style=\"border-width:15px\"><tbody><tr><td><strong>Grupa docelowa<\/strong><\/td><td>Osoby ucz\u0105ce si\u0119 (uczniowie lub studenci), do 24. roku \u017cycia,&nbsp;uczniowie klas trzecich szk\u00f3\u0142 bran\u017cowych i technik\u00f3w z bran\u017cy budowlanej i bran\u017c pokrewnych posiadaj\u0105cy podstawow\u0105 wiedz\u0119 z zakresu obs\u0142ugi komputera.<\/td><\/tr><tr><td><strong>Wymagania wst\u0119pne<\/strong><strong><br><\/strong><strong>dla kandydat\u00f3w<\/strong><\/td><td>\u2022&nbsp;Wiek: 14-24 lat<br>\u2022&nbsp;Status ucznia lub studenta<br>\u2022&nbsp;Ch\u0119\u0107 do nauki<br>\u2022&nbsp;Podstawowa znajomo\u015b\u0107 obs\u0142ugi komputera<\/td><\/tr><tr><td><strong>Liczba godzin<\/strong><\/td><td>30 h<\/td><\/tr><tr><td><strong>Oczekiwane efekty kszta\u0142cenia&nbsp;<\/strong>(wiedza lub umiej\u0119tno\u015bci zawodowe w zakresie dziedziny zawodowej, przydatne do wykonywania zawodu)<\/td><td><strong>Na tym szkoleniu nauczysz si\u0119:<\/strong><br>\u2022&nbsp;interfejsu AutoCAD oraz podstawowych narz\u0119dzi rysunkowych 2D<br>\u2022&nbsp;tworzy\u0107, edytowa\u0107 i organizowa\u0107 rysunki techniczne<br>\u2022&nbsp;stosowa\u0107 warstwy, bloki, adnotacje i wymiarowanie<br>\u2022&nbsp;przygotowywa\u0107 dokumentacj\u0119 rysunkow\u0105 do druku i eksportu<br>\u2022&nbsp;podstaw modelowania 3D oraz zasad przygotowania plik\u00f3w do druku 3D<br>\u2022&nbsp;cyfrowego projektowania technicznego i wykorzystania narz\u0119dzi CAD<\/td><\/tr><tr><td><strong>Spos\u00f3b i forma<\/strong><strong><br><\/strong><strong>przeprowadzenia egzaminu<\/strong><\/td><td>Egzamin praktyczny polegaj\u0105cy na wykonaniu rysunku technicznego 2D zgodnie z wytycznymi. Egzamin teoretyczny w formie testu jednokrotnego wyboru. Zadanie polegaj\u0105ce na przygotowaniu prostego modelu 3D i eksporcie do STL.<\/td><\/tr><tr><td><strong>Certyfikat\/za\u015bwiadczenie po uko\u0144czeniu szkolenia<\/strong><\/td><td><strong>Bran\u017cowy Certyfikat Umiej\u0119tno\u015bci Zawodowych<\/strong><\/td><\/tr><tr><td><strong>Pe\u0142ny opis szkolenia<\/strong><\/td><td>Celem szkolenia jest zdobycie przez uczestnik\u00f3w wiedzy, umiej\u0119tno\u015bci i kompetencji w zakresie zaawansowanych mo\u017cliwo\u015bci programu AutoCAD, w tym mechanizm\u00f3w projektowania CAD w przestrzeni dwuwymiarowej i tr\u00f3jwymiarowej. Uczestnicy szkolenia b\u0119d\u0105 rozwija\u0107 kompetencje cyfrowe zwi\u0105zane z projektowaniem technicznym oraz efektywnym wykorzystaniem narz\u0119dzi CAD. Program szkolenia \u0142\u0105czy teori\u0119 z praktyk\u0105 projektowania, przygotowuj\u0105c do pracy w \u015brodowisku 3D z uwzgl\u0119dnieniem wszystkich etap\u00f3w procesu projektowego \u2014 od przygotowania grafiki rastrowej i digitalizacji, przez projektowanie CAD 2D i modelowanie 3D, a\u017c po wizualizacj\u0119 projektu. Zdobyte umiej\u0119tno\u015bci w zakresie obs\u0142ugi komputera i nowoczesnych technologii zwi\u0119ksz\u0105 gotowo\u015b\u0107 uczestnik\u00f3w szkolenia do pracy w dynamicznie rozwijaj\u0105cej si\u0119 bran\u017cy projektowej oraz umo\u017cliwi\u0105 dostosowanie zakresu \u015bwiadczonych us\u0142ug do aktualnych i przysz\u0142ych potrzeb rynku. Uczestnicy szkolenia naucz\u0105 si\u0119 r\u00f3wnie\u017c stosowa\u0107 zasady dokumentacji technicznej w spos\u00f3b ograniczaj\u0105cy ryzyko b\u0142\u0119d\u00f3w wykonawczych oraz minimalizuj\u0105cy marnotrawstwo materia\u0142\u00f3w.&nbsp;<br><br><strong>Cz\u0119\u015b\u0107 teoretyczna<\/strong><br>Uczestnicy szkolenia zapoznaj\u0105 si\u0119 z programem oraz zasadami jego instalacji. Cz\u0119\u015b\u0107 teoretyczna dotycz\u0105ca AutoCAD 2D obejmuje mechanizmy projektowania CAD w przestrzeni dwuwymiarowej, a tak\u017ce wprowadzenie do pracy w \u015brodowisku tr\u00f3jwymiarowym. Podczas szkolenia uczestnicy zdob\u0119d\u0105 wiedz\u0119 z zakresu obs\u0142ugi programu, konfiguracji jego ustawie\u0144 (m.in. kolor\u00f3w, \u015bcie\u017cek dost\u0119pu, ustawie\u0144 myszy) oraz personalizacji interfejsu AutoCAD. Wyk\u0142ad obejmuje r\u00f3wnie\u017c zagadnienia zwi\u0105zane z aktualizacj\u0105 oprogramowania, wymian\u0105 sterownik\u00f3w online oraz funkcjami programator\u00f3w.&nbsp;<br><br><strong>Cz\u0119\u015b\u0107 praktyczna<\/strong><br>Uczestnicy szkolenia naucz\u0105 si\u0119 stosowa\u0107 zasady dokumentacji technicznej w spos\u00f3b ograniczaj\u0105cy ryzyko b\u0142\u0119d\u00f3w wykonawczych, a tym samym minimalizuj\u0105cy marnotrawstwo materia\u0142\u00f3w. Umiej\u0119tno\u015bci te b\u0119d\u0105 rozwijane poprzez analiz\u0119 studi\u00f3w przypadk\u00f3w oraz rozwi\u0105zywanie konkretnych problem\u00f3w projektowych. W ramach szkolenia uczestnicy b\u0119d\u0105 mogli wykona\u0107 prosty projekt techniczny 2D oraz przygotowa\u0107 model 3D przeznaczony do wydruku.<\/td><\/tr><\/tbody><\/table><\/figure>\n\n\n\n<figure class=\"wp-block-image alignwide size-large\"><img loading=\"lazy\" decoding=\"async\" width=\"1024\" height=\"724\" src=\"https:\/\/bcu.zsab.krakow.pl\/wp-content\/uploads\/2026\/03\/3-1024x724.png\" alt=\"\" class=\"wp-image-867\" srcset=\"https:\/\/bcu.zsab.krakow.pl\/wp-content\/uploads\/2026\/03\/3-1024x724.png 1024w, https:\/\/bcu.zsab.krakow.pl\/wp-content\/uploads\/2026\/03\/3-300x212.png 300w, https:\/\/bcu.zsab.krakow.pl\/wp-content\/uploads\/2026\/03\/3-768x543.png 768w, https:\/\/bcu.zsab.krakow.pl\/wp-content\/uploads\/2026\/03\/3-1536x1086.png 1536w, https:\/\/bcu.zsab.krakow.pl\/wp-content\/uploads\/2026\/03\/3.png 2000w\" sizes=\"auto, (max-width: 1024px) 100vw, 1024px\" \/><\/figure>\n","protected":false},"excerpt":{"rendered":"<p>Z-5: AutoCAD 2D \u2013 projektowanie, modelowanie i drukowanie 3D Grupa docelowa Osoby ucz\u0105ce si\u0119 (uczniowie lub studenci), do 24. roku \u017cycia,&nbsp;uczniowie klas trzecich szk\u00f3\u0142 bran\u017cowych i technik\u00f3w z bran\u017cy budowlanej i bran\u017c pokrewnych posiadaj\u0105cy podstawow\u0105 wiedz\u0119 z zakresu obs\u0142ugi komputera. Wymagania wst\u0119pnedla kandydat\u00f3w \u2022&nbsp;Wiek: 14-24 lat\u2022&nbsp;Status ucznia lub studenta\u2022&nbsp;Ch\u0119\u0107 do nauki\u2022&nbsp;Podstawowa znajomo\u015b\u0107 obs\u0142ugi komputera Liczba [&hellip;]<\/p>\n","protected":false},"author":2,"featured_media":0,"parent":0,"menu_order":0,"comment_status":"closed","ping_status":"closed","template":"","meta":{"footnotes":""},"class_list":["post-704","page","type-page","status-publish","hentry"],"blocksy_meta":[],"_links":{"self":[{"href":"https:\/\/bcu.zsab.krakow.pl\/index.php?rest_route=\/wp\/v2\/pages\/704","targetHints":{"allow":["GET"]}}],"collection":[{"href":"https:\/\/bcu.zsab.krakow.pl\/index.php?rest_route=\/wp\/v2\/pages"}],"about":[{"href":"https:\/\/bcu.zsab.krakow.pl\/index.php?rest_route=\/wp\/v2\/types\/page"}],"author":[{"embeddable":true,"href":"https:\/\/bcu.zsab.krakow.pl\/index.php?rest_route=\/wp\/v2\/users\/2"}],"replies":[{"embeddable":true,"href":"https:\/\/bcu.zsab.krakow.pl\/index.php?rest_route=%2Fwp%2Fv2%2Fcomments&post=704"}],"version-history":[{"count":5,"href":"https:\/\/bcu.zsab.krakow.pl\/index.php?rest_route=\/wp\/v2\/pages\/704\/revisions"}],"predecessor-version":[{"id":868,"href":"https:\/\/bcu.zsab.krakow.pl\/index.php?rest_route=\/wp\/v2\/pages\/704\/revisions\/868"}],"wp:attachment":[{"href":"https:\/\/bcu.zsab.krakow.pl\/index.php?rest_route=%2Fwp%2Fv2%2Fmedia&parent=704"}],"curies":[{"name":"wp","href":"https:\/\/api.w.org\/{rel}","templated":true}]}}