{"id":713,"date":"2026-02-22T11:01:14","date_gmt":"2026-02-22T11:01:14","guid":{"rendered":"https:\/\/bcu.zsab.krakow.pl\/?page_id=713"},"modified":"2026-03-17T18:20:10","modified_gmt":"2026-03-17T18:20:10","slug":"z-7-cyfryzacja-budownictwa-z-wykorzystaniem-metodyki-i-narzedzi-bim","status":"publish","type":"page","link":"https:\/\/bcu.zsab.krakow.pl\/?page_id=713","title":{"rendered":"Z-7: Cyfryzacja budownictwa z wykorzystaniem metodyki i narz\u0119dzi BIM"},"content":{"rendered":"\n<h2 class=\"wp-block-heading\">Z-7: Cyfryzacja budownictwa z wykorzystaniem metodyki i narz\u0119dzi BIM<\/h2>\n\n\n\n<figure class=\"wp-block-table is-style-stripes\"><table style=\"border-width:15px\"><tbody><tr><td><strong>Grupa docelowa<\/strong><\/td><td>Osoby doros\u0142e b\u0119d\u0105ce nauczycielami kszta\u0142cenia zawodowego z bran\u017cy budowlanej.<\/td><\/tr><tr><td><strong>Wymagania wst\u0119pne<\/strong><strong><br><\/strong><strong>dla kandydat\u00f3w<\/strong><\/td><td>\u2022&nbsp;Status nauczyciela kszta\u0142cenia zawodowego<br>\u2022&nbsp;Podstawowa znajomo\u015b\u0107 obs\u0142ugi komputera, w tym program\u00f3w ze \u015brodowiska Windows<br>\u2022&nbsp;Og\u00f3lna znajomo\u015b\u0107 proces\u00f3w budowlanych lub dokumentacji technicznej<br>\u2022&nbsp;Mile widziane do\u015bwiadczenie w obs\u0142udze program\u00f3w projektowych (niewymagane)<br>\u2022&nbsp;Ch\u0119\u0107 do nauki i zainteresowanie nowymi technologiami\u2022&nbsp;Umiej\u0119tno\u015b\u0107 pracy w grupie ze wzgl\u0119du na zespo\u0142owy charakter cz\u0119\u015bci praktycznej<\/td><\/tr><tr><td><strong>Liczba godzin<\/strong><\/td><td>30 h<\/td><\/tr><tr><td><strong>Oczekiwane efekty kszta\u0142cenia&nbsp;<\/strong>(wiedza lub umiej\u0119tno\u015bci zawodowe w zakresie dziedziny zawodowej, przydatne do wykonywania zawodu)<\/td><td><strong>Na tym szkoleniu nauczysz si\u0119:<\/strong><br>\u2022&nbsp;rozumie\u0107 ide\u0119 wsp\u00f3lnego \u015brodowiska danych<br>\u2022&nbsp;pracy z podstawowymi funkcjami CDE: przegl\u0105danie, wersjonowanie, zatwierdzanie<br>\u2022&nbsp;zarz\u0105dza\u0107 plikami i struktur\u0105 folder\u00f3w zgodnie z ISO 19650<br>\u2022&nbsp;obs\u0142ugiwa\u0107 platform\u0119 CDE i korzysta\u0107 z procedur zatwierdzania<br>\u2022&nbsp;stosowa\u0107 elektroniczny obieg dokument\u00f3w minimalizuj\u0105cy u\u017cycie papieru<br>\u2022&nbsp;rozr\u00f3\u017cnia\u0107 modele BIM, np. PIM, AIR<br>\u2022&nbsp;wskazywa\u0107 poziom\u00f3w&nbsp;LOD\/LOI<br>\u2022&nbsp;analizowa\u0107 przyk\u0142adowe modele BIM<br>\u2022&nbsp;stosowa\u0107 wybrane narz\u0119dzia do prostego \u0107wiczenia dydaktycznego<br>\u2022&nbsp;tworzy\u0107 miniscenariusze lekcji oparte na modelu BIM<br>\u2022&nbsp;stosowa\u0107 BIM w projektowaniu efektywnym energetycznie<\/td><\/tr><tr><td><strong>Spos\u00f3b i forma<\/strong><strong><br><\/strong><strong>przeprowadzenia egzaminu<\/strong><\/td><td>Egzamin teoretyczny w formie testu jednokrotnego wyboru.<\/td><\/tr><tr><td><strong>Certyfikat\/za\u015bwiadczenie po uko\u0144czeniu szkolenia<\/strong><\/td><td><strong>Za\u015bwiadczenie o uko\u0144czeniu szkolenia bran\u017cowego<\/strong><\/td><\/tr><tr><td><strong>Pe\u0142ny opis szkolenia<\/strong><\/td><td>Celem szkolenia jest podniesienie \u015bwiadomo\u015bci w zakresie BIM oraz pog\u0142\u0119bienie znajomo\u015bci terminologii, procedur i zasad metodyki BIM w kontek\u015bcie ca\u0142ego procesu inwestycyjnego. Uczestnicy szkolenia zdob\u0119d\u0105 umiej\u0119tno\u015b\u0107 definiowania cel\u00f3w oraz planowania dzia\u0142a\u0144 zwi\u0105zanych z wdro\u017ceniem BIM w konkretnych warunkach organizacyjnych i projektowych. Program szkolenia wspiera podejmowanie \u015bwiadomych decyzji oraz efektywne wdra\u017canie nowoczesnych metod projektowania w budownictwie. Uczestnicy szkolenia nab\u0119d\u0105 praktyczne do\u015bwiadczenie w pos\u0142ugiwaniu si\u0119 podstawowymi poj\u0119ciami z zakresu modelowania informacji, a tak\u017ce rozwin\u0105 zaawansowan\u0105 wiedz\u0119 teoretyczn\u0105 dotycz\u0105c\u0105 czytania i interpretowania dokument\u00f3w informacyjnych w projektach BIM. Szkolenie obejmuje r\u00f3wnie\u017c nauk\u0119 obs\u0142ugi narz\u0119dzi BIM na poziomie podstawowym, umo\u017cliwiaj\u0105c ich \u015bwiadome wykorzystanie w pracy projektowej.&nbsp;<br><br><strong>Cz\u0119\u015b\u0107 teoretyczna<\/strong><br>Uczestnicy zdob\u0119d\u0105 uporz\u0105dkowan\u0105 i pog\u0142\u0119bion\u0105 wiedz\u0119 z zakresu podstaw BIM oraz cyfryzacji proces\u00f3w budowlanych, w tym kluczowych poj\u0119\u0107 zwi\u0105zanych z modelowaniem informacji o budynku. Wyk\u0142ady obejm\u0105 r\u00f3wnie\u017c wyja\u015bnienie istoty BIM oraz om\u00f3wienie r\u00f3\u017cnic pomi\u0119dzy metodyk\u0105 BIM a tradycyjnymi metodami realizacji i zarz\u0105dzania projektami budowlanymi.&nbsp;<br><br><strong>Cz\u0119\u015b\u0107 praktyczna<\/strong><br>Zaj\u0119cia praktyczne b\u0119d\u0105 mia\u0142y form\u0119 warsztatow\u0105 i zostan\u0105 oparte na rzeczywistych przyk\u0142adach projekt\u00f3w BIM. Uczestnicy szkolenia wykonaj\u0105 \u0107wiczenia z zakresu tworzenia prostych przep\u0142yw\u00f3w informacji oraz analizy modeli. W trakcie zaj\u0119\u0107 naucz\u0105 si\u0119 r\u00f3wnie\u017c obs\u0142ugi platformy CDE oraz stosowania procedur zatwierdzania.<\/td><\/tr><\/tbody><\/table><\/figure>\n\n\n\n<figure class=\"wp-block-image alignwide size-large\"><img loading=\"lazy\" decoding=\"async\" width=\"2000\" height=\"1414\" src=\"https:\/\/bcu.zsab.krakow.pl\/wp-content\/uploads\/2026\/03\/4-1024x724.png\" alt=\"\" class=\"wp-image-869\" srcset=\"https:\/\/bcu.zsab.krakow.pl\/wp-content\/uploads\/2026\/03\/4-1024x724.png 1024w, https:\/\/bcu.zsab.krakow.pl\/wp-content\/uploads\/2026\/03\/4-300x212.png 300w, https:\/\/bcu.zsab.krakow.pl\/wp-content\/uploads\/2026\/03\/4-768x543.png 768w, https:\/\/bcu.zsab.krakow.pl\/wp-content\/uploads\/2026\/03\/4-1536x1086.png 1536w, https:\/\/bcu.zsab.krakow.pl\/wp-content\/uploads\/2026\/03\/4.png 2000w\" sizes=\"auto, (max-width: 2000px) 100vw, 2000px\" \/><\/figure>\n","protected":false},"excerpt":{"rendered":"<p>Z-7: Cyfryzacja budownictwa z wykorzystaniem metodyki i narz\u0119dzi BIM Grupa docelowa Osoby doros\u0142e b\u0119d\u0105ce nauczycielami kszta\u0142cenia zawodowego z bran\u017cy budowlanej. Wymagania wst\u0119pnedla kandydat\u00f3w \u2022&nbsp;Status nauczyciela kszta\u0142cenia zawodowego\u2022&nbsp;Podstawowa znajomo\u015b\u0107 obs\u0142ugi komputera, w tym program\u00f3w ze \u015brodowiska Windows\u2022&nbsp;Og\u00f3lna znajomo\u015b\u0107 proces\u00f3w budowlanych lub dokumentacji technicznej\u2022&nbsp;Mile widziane do\u015bwiadczenie w obs\u0142udze program\u00f3w projektowych (niewymagane)\u2022&nbsp;Ch\u0119\u0107 do nauki i zainteresowanie nowymi technologiami\u2022&nbsp;Umiej\u0119tno\u015b\u0107 [&hellip;]<\/p>\n","protected":false},"author":2,"featured_media":0,"parent":0,"menu_order":0,"comment_status":"closed","ping_status":"closed","template":"","meta":{"footnotes":""},"class_list":["post-713","page","type-page","status-publish","hentry"],"blocksy_meta":[],"_links":{"self":[{"href":"https:\/\/bcu.zsab.krakow.pl\/index.php?rest_route=\/wp\/v2\/pages\/713","targetHints":{"allow":["GET"]}}],"collection":[{"href":"https:\/\/bcu.zsab.krakow.pl\/index.php?rest_route=\/wp\/v2\/pages"}],"about":[{"href":"https:\/\/bcu.zsab.krakow.pl\/index.php?rest_route=\/wp\/v2\/types\/page"}],"author":[{"embeddable":true,"href":"https:\/\/bcu.zsab.krakow.pl\/index.php?rest_route=\/wp\/v2\/users\/2"}],"replies":[{"embeddable":true,"href":"https:\/\/bcu.zsab.krakow.pl\/index.php?rest_route=%2Fwp%2Fv2%2Fcomments&post=713"}],"version-history":[{"count":3,"href":"https:\/\/bcu.zsab.krakow.pl\/index.php?rest_route=\/wp\/v2\/pages\/713\/revisions"}],"predecessor-version":[{"id":870,"href":"https:\/\/bcu.zsab.krakow.pl\/index.php?rest_route=\/wp\/v2\/pages\/713\/revisions\/870"}],"wp:attachment":[{"href":"https:\/\/bcu.zsab.krakow.pl\/index.php?rest_route=%2Fwp%2Fv2%2Fmedia&parent=713"}],"curies":[{"name":"wp","href":"https:\/\/api.w.org\/{rel}","templated":true}]}}