{"id":908,"date":"2026-03-17T19:07:56","date_gmt":"2026-03-17T19:07:56","guid":{"rendered":"https:\/\/bcu.zsab.krakow.pl\/?page_id=908"},"modified":"2026-03-17T19:31:21","modified_gmt":"2026-03-17T19:31:21","slug":"sektorowa-rama-kwalifikacji-srk","status":"publish","type":"page","link":"https:\/\/bcu.zsab.krakow.pl\/?page_id=908","title":{"rendered":"Sektorowa Rama Kwalifikacji"},"content":{"rendered":"\n<p><strong>Sektorowa Rama Kwalifikacji (SRK)<\/strong>&nbsp;to praktyczne narz\u0119dzie, kt\u00f3re porz\u0105dkuje i opisuje poziomy kwalifikacji charakterystyczne dla konkretnej bran\u017cy, zgodnie z Ustaw\u0105 o Zintegrowanym Systemie Kwalifikacji. SRK tworzona jest&nbsp;<strong>przez bran\u017c\u0119 i dla bran\u017cy<\/strong>, przy udziale pracodawc\u00f3w, organizacji bran\u017cowych, edukacji formalnej i pozaformalnej oraz instytucji regulacyjnych, co gwarantuje jej realne dopasowanie do potrzeb rynku.&nbsp;<strong>SRK upraszcza zapisy Polskiej Ramy Kwalifikacji (PRK)<\/strong>, czyni\u0105c je bardziej czytelnymi i u\u017cytecznymi dla przedstawicieli danego sektora. Dzi\u0119ki SRK mo\u017cliwe jest por\u00f3wnywanie kwalifikacji w kraju i Europie, budowanie jasnych \u015bcie\u017cek kariery oraz projektowanie nowoczesnych program\u00f3w kszta\u0142cenia i szkole\u0144. W Polsce ramy sektorowe funkcjonuj\u0105 ju\u017c m.in. w IT, bankowo\u015bci, budownictwie czy turystyce, a kolejne bran\u017ce s\u0105 w trakcie opracowywania w\u0142asnych rozwi\u0105za\u0144.<\/p>\n\n\n\n<p><strong>Po wi\u0119cej informacji zapraszamy na oficjaln\u0105 stron\u0119 Zintegrowanego Systemu Kwalifikacji:\u00a0<\/strong><a href=\"https:\/\/kwalifikacje.gov.pl\/indywidualny\/wiedza\/sektorowe-ramy-kwalifikacji\/\"><strong>Sektorowe Ramy Kwalifikacji<\/strong><\/a><strong>,\u00a0<\/strong><strong><a href=\"https:\/\/kwalifikacje.gov.pl\/indywidualny\/wiedza\/sektorowe-ramy-kwalifikacji\/\">kwalifikacje sektorowe<\/a><\/strong>.<\/p>\n","protected":false},"excerpt":{"rendered":"<p>Sektorowa Rama Kwalifikacji (SRK)&nbsp;to praktyczne narz\u0119dzie, kt\u00f3re porz\u0105dkuje i opisuje poziomy kwalifikacji charakterystyczne dla konkretnej bran\u017cy, zgodnie z Ustaw\u0105 o Zintegrowanym Systemie Kwalifikacji. SRK tworzona jest&nbsp;przez bran\u017c\u0119 i dla bran\u017cy, przy udziale pracodawc\u00f3w, organizacji bran\u017cowych, edukacji formalnej i pozaformalnej oraz instytucji regulacyjnych, co gwarantuje jej realne dopasowanie do potrzeb rynku.&nbsp;SRK upraszcza zapisy Polskiej Ramy Kwalifikacji [&hellip;]<\/p>\n","protected":false},"author":2,"featured_media":0,"parent":0,"menu_order":0,"comment_status":"closed","ping_status":"closed","template":"","meta":{"footnotes":""},"class_list":["post-908","page","type-page","status-publish","hentry"],"blocksy_meta":[],"_links":{"self":[{"href":"https:\/\/bcu.zsab.krakow.pl\/index.php?rest_route=\/wp\/v2\/pages\/908","targetHints":{"allow":["GET"]}}],"collection":[{"href":"https:\/\/bcu.zsab.krakow.pl\/index.php?rest_route=\/wp\/v2\/pages"}],"about":[{"href":"https:\/\/bcu.zsab.krakow.pl\/index.php?rest_route=\/wp\/v2\/types\/page"}],"author":[{"embeddable":true,"href":"https:\/\/bcu.zsab.krakow.pl\/index.php?rest_route=\/wp\/v2\/users\/2"}],"replies":[{"embeddable":true,"href":"https:\/\/bcu.zsab.krakow.pl\/index.php?rest_route=%2Fwp%2Fv2%2Fcomments&post=908"}],"version-history":[{"count":3,"href":"https:\/\/bcu.zsab.krakow.pl\/index.php?rest_route=\/wp\/v2\/pages\/908\/revisions"}],"predecessor-version":[{"id":929,"href":"https:\/\/bcu.zsab.krakow.pl\/index.php?rest_route=\/wp\/v2\/pages\/908\/revisions\/929"}],"wp:attachment":[{"href":"https:\/\/bcu.zsab.krakow.pl\/index.php?rest_route=%2Fwp%2Fv2%2Fmedia&parent=908"}],"curies":[{"name":"wp","href":"https:\/\/api.w.org\/{rel}","templated":true}]}}